{"id":419,"date":"2025-04-30T13:41:13","date_gmt":"2025-04-30T13:41:13","guid":{"rendered":"https:\/\/redinamicamx.com\/politique-de-vente\/"},"modified":"2025-05-03T17:09:12","modified_gmt":"2025-05-03T17:09:12","slug":"politique-de-vente","status":"publish","type":"page","link":"https:\/\/redinamicamx.com\/fr\/politique-de-vente\/","title":{"rendered":"Politique de vente"},"content":{"rendered":"<style>.elementor-419 .elementor-element.elementor-element-b8d3a3b{--display:flex;--flex-direction:column;--container-widget-width:100%;--container-widget-height:initial;--container-widget-flex-grow:0;--container-widget-align-self:initial;--flex-wrap-mobile:wrap;--overlay-opacity:1;--margin-top:0px;--margin-bottom:0px;--margin-left:0px;--margin-right:0px;--padding-top:0px;--padding-bottom:0px;--padding-left:0px;--padding-right:0px;}.elementor-419 .elementor-element.elementor-element-b8d3a3b:not(.elementor-motion-effects-element-type-background), .elementor-419 .elementor-element.elementor-element-b8d3a3b > .elementor-motion-effects-container > .elementor-motion-effects-layer{background-image:url(\"https:\/\/redinamicamx.com\/wp-content\/uploads\/2025\/05\/aerial-view-of-an-open-pit-of-iron-ore-resource-m-2025-01-08-12-53-01-utc.jpg\");background-position:center center;background-size:cover;}.elementor-419 .elementor-element.elementor-element-b8d3a3b::before, .elementor-419 .elementor-element.elementor-element-b8d3a3b > .elementor-background-video-container::before, .elementor-419 .elementor-element.elementor-element-b8d3a3b > .e-con-inner > .elementor-background-video-container::before, .elementor-419 .elementor-element.elementor-element-b8d3a3b > .elementor-background-slideshow::before, .elementor-419 .elementor-element.elementor-element-b8d3a3b > .e-con-inner > .elementor-background-slideshow::before, .elementor-419 .elementor-element.elementor-element-b8d3a3b > .elementor-motion-effects-container > .elementor-motion-effects-layer::before{background-color:transparent;--background-overlay:'';background-image:linear-gradient(180deg, var( --e-global-color-primary ) 18%, var( --e-global-color-ab6594a ) 100%);}.elementor-419 .elementor-element.elementor-element-fd1726b{--display:flex;--align-items:center;--container-widget-width:calc( ( 1 - var( --container-widget-flex-grow ) ) * 100% );--overlay-opacity:0.8;--margin-top:0px;--margin-bottom:0px;--margin-left:0px;--margin-right:0px;--padding-top:80px;--padding-bottom:120px;--padding-left:0px;--padding-right:0px;}.elementor-419 .elementor-element.elementor-element-fd1726b::before, .elementor-419 .elementor-element.elementor-element-fd1726b > .elementor-background-video-container::before, .elementor-419 .elementor-element.elementor-element-fd1726b > .e-con-inner > .elementor-background-video-container::before, .elementor-419 .elementor-element.elementor-element-fd1726b > .elementor-background-slideshow::before, .elementor-419 .elementor-element.elementor-element-fd1726b > .e-con-inner > .elementor-background-slideshow::before, .elementor-419 .elementor-element.elementor-element-fd1726b > .elementor-motion-effects-container > .elementor-motion-effects-layer::before{background-color:var( --e-global-color-primary );--background-overlay:'';}.elementor-419 .elementor-element.elementor-element-167f60a .elementskit-section-title-wraper .elementskit-section-title.text_fill > span{background-color:transparent;background-image:linear-gradient(180deg, #FFFFFFAD 0%, var( --e-global-color-8428b2c ) 100%);}.elementor-419 .elementor-element.elementor-element-167f60a > .elementor-widget-container{margin:0px 0px 0px 0px;padding:0px 0px 0px 0px;}.elementor-419 .elementor-element.elementor-element-167f60a .elementskit-section-title-wraper .elementskit-section-title{font-family:var( --e-global-typography-bbb74de-font-family ), Sans-serif;font-size:var( --e-global-typography-bbb74de-font-size );font-weight:var( --e-global-typography-bbb74de-font-weight );line-height:var( --e-global-typography-bbb74de-line-height );letter-spacing:var( --e-global-typography-bbb74de-letter-spacing );word-spacing:var( --e-global-typography-bbb74de-word-spacing );}.elementor-419 .elementor-element.elementor-element-167f60a .elementskit-section-title-wraper .elementskit-section-title span:last-child, .elementor-419 .elementor-element.elementor-element-167f60a .elementskit-section-title-wraper .elementskit-section-title > span{font-size:94px;font-weight:100;line-height:100px;}.elementor-419 .elementor-element.elementor-element-bafb1ea{--display:flex;--flex-direction:row;--container-widget-width:calc( ( 1 - var( --container-widget-flex-grow ) ) * 100% );--container-widget-height:100%;--container-widget-flex-grow:1;--container-widget-align-self:stretch;--flex-wrap-mobile:wrap;--justify-content:center;--align-items:center;--gap:15px 15px;--row-gap:15px;--column-gap:15px;--border-radius:99px 99px 99px 99px;--margin-top:-39px;--margin-bottom:0px;--margin-left:0px;--margin-right:0px;--padding-top:13px;--padding-bottom:13px;--padding-left:13px;--padding-right:13px;}.elementor-419 .elementor-element.elementor-element-503d3bf .elementor-heading-title{font-family:var( --e-global-typography-ed20474-font-family ), Sans-serif;font-size:var( --e-global-typography-ed20474-font-size );font-weight:var( --e-global-typography-ed20474-font-weight );line-height:var( --e-global-typography-ed20474-line-height );letter-spacing:var( --e-global-typography-ed20474-letter-spacing );word-spacing:var( --e-global-typography-ed20474-word-spacing );}.elementor-419 .elementor-element.elementor-element-a750029 .jeg-elementor-kit.jkit-button .jkit-button-wrapper{background-color:var( --e-global-color-ab6594a );padding:0px 0px 0px 0px;font-family:\"Roboto\", Sans-serif;font-size:1.1em;font-weight:300;text-decoration:none;color:var( --e-global-color-10478e6 );}.elementor-419 .elementor-element.elementor-element-a750029 > .elementor-widget-container{margin:0px 0px 0px 0px;}.elementor-419 .elementor-element.elementor-element-a750029 .jeg-elementor-kit.jkit-button{text-align:center;}.elementor-419 .elementor-element.elementor-element-a750029 .jeg-elementor-kit.jkit-button .jkit-button-wrapper svg{fill:var( --e-global-color-10478e6 );}.elementor-419 .elementor-element.elementor-element-a750029 .jeg-elementor-kit.jkit-button .jkit-button-wrapper:hover{color:var( --e-global-color-text );}.elementor-419 .elementor-element.elementor-element-a750029 .jeg-elementor-kit.jkit-button .jkit-button-wrapper:hover svg{fill:var( --e-global-color-10478e6 );}.elementor-419 .elementor-element.elementor-element-a750029 .jeg-elementor-kit.jkit-button.icon-position-before .jkit-button-wrapper i, .elementor-419 .elementor-element.elementor-element-a750029 .jeg-elementor-kit.jkit-button.icon-position-before .jkit-button-wrapper svg{margin-right:13px;}.elementor-419 .elementor-element.elementor-element-a750029 .jeg-elementor-kit.jkit-button.icon-position-after .jkit-button-wrapper i, .elementor-419 .elementor-element.elementor-element-a750029 .jeg-elementor-kit.jkit-button.icon-position-after .jkit-button-wrapper svg{margin-left:13px;}.elementor-419 .elementor-element.elementor-element-a750029 .jeg-elementor-kit.jkit-button .jkit-button-wrapper:not(:hover) > i{color:var( --e-global-color-10478e6 );}.elementor-419 .elementor-element.elementor-element-a750029 .jeg-elementor-kit.jkit-button .jkit-button-wrapper:not(:hover) > svg{fill:var( --e-global-color-10478e6 );}.elementor-419 .elementor-element.elementor-element-a750029 .jeg-elementor-kit.jkit-button .jkit-button-wrapper:hover i{color:var( --e-global-color-10478e6 );}.elementor-419 .elementor-element.elementor-element-19e57c8{--display:flex;--flex-direction:column;--container-widget-width:100%;--container-widget-height:initial;--container-widget-flex-grow:0;--container-widget-align-self:initial;--flex-wrap-mobile:wrap;--padding-top:100px;--padding-bottom:100px;--padding-left:20px;--padding-right:20px;}:root{--page-title-display:none;}@media(max-width:1024px){.elementor-419 .elementor-element.elementor-element-fd1726b{--padding-top:130px;--padding-bottom:120px;--padding-left:30px;--padding-right:30px;}.elementor-419 .elementor-element.elementor-element-167f60a .elementskit-section-title-wraper .elementskit-section-title{font-size:var( --e-global-typography-bbb74de-font-size );line-height:var( --e-global-typography-bbb74de-line-height );letter-spacing:var( --e-global-typography-bbb74de-letter-spacing );word-spacing:var( --e-global-typography-bbb74de-word-spacing );}.elementor-419 .elementor-element.elementor-element-503d3bf > .elementor-widget-container{margin:3px 0px 0px 0px;}.elementor-419 .elementor-element.elementor-element-503d3bf .elementor-heading-title{font-size:var( --e-global-typography-ed20474-font-size );line-height:var( --e-global-typography-ed20474-line-height );letter-spacing:var( --e-global-typography-ed20474-letter-spacing );word-spacing:var( --e-global-typography-ed20474-word-spacing );}.elementor-419 .elementor-element.elementor-element-a750029 .jeg-elementor-kit.jkit-button .jkit-button-wrapper{font-size:0.9em;}}@media(max-width:767px){.elementor-419 .elementor-element.elementor-element-fd1726b{--padding-top:100px;--padding-bottom:100px;--padding-left:20px;--padding-right:20px;}.elementor-419 .elementor-element.elementor-element-167f60a .elementskit-section-title-wraper .elementskit-section-title{font-size:var( --e-global-typography-bbb74de-font-size );line-height:var( --e-global-typography-bbb74de-line-height );letter-spacing:var( --e-global-typography-bbb74de-letter-spacing );word-spacing:var( --e-global-typography-bbb74de-word-spacing );}.elementor-419 .elementor-element.elementor-element-167f60a .elementskit-section-title-wraper .elementskit-section-title span:last-child, .elementor-419 .elementor-element.elementor-element-167f60a .elementskit-section-title-wraper .elementskit-section-title > span{font-size:71px;}.elementor-419 .elementor-element.elementor-element-bafb1ea{--width:83%;--margin-top:-65px;--margin-bottom:0px;--margin-left:0px;--margin-right:0px;}.elementor-419 .elementor-element.elementor-element-503d3bf .elementor-heading-title{font-size:var( --e-global-typography-ed20474-font-size );line-height:var( --e-global-typography-ed20474-line-height );letter-spacing:var( --e-global-typography-ed20474-letter-spacing );word-spacing:var( --e-global-typography-ed20474-word-spacing );}.elementor-419 .elementor-element.elementor-element-a750029 .jeg-elementor-kit.jkit-button .jkit-button-wrapper{font-size:1em;}}@media(min-width:768px){.elementor-419 .elementor-element.elementor-element-bafb1ea{--width:22%;}}@media(max-width:1024px) and (min-width:768px){.elementor-419 .elementor-element.elementor-element-bafb1ea{--width:40%;}}<\/style>\t\t<div data-elementor-type=\"wp-page\" data-elementor-id=\"419\" class=\"elementor elementor-419 elementor-23\" data-elementor-post-type=\"page\">\n\t\t\t\t<div class=\"elementor-element elementor-element-b8d3a3b e-con-full e-flex e-con e-parent\" data-id=\"b8d3a3b\" data-element_type=\"container\" data-settings=\"{&quot;background_background&quot;:&quot;classic&quot;}\">\n\t\t<div class=\"elementor-element elementor-element-fd1726b e-flex e-con-boxed e-con e-child\" data-id=\"fd1726b\" data-element_type=\"container\" data-settings=\"{&quot;background_background&quot;:&quot;classic&quot;}\">\n\t\t\t\t\t<div class=\"e-con-inner\">\n\t\t\t\t<div class=\"elementor-element elementor-element-167f60a elementor-invisible elementor-widget elementor-widget-elementskit-heading\" data-id=\"167f60a\" data-element_type=\"widget\" data-settings=\"{&quot;_animation&quot;:&quot;fadeInUp&quot;}\" data-widget_type=\"elementskit-heading.default\">\n\t\t\t\t<div class=\"elementor-widget-container\">\n\t\t\t\t\t<div class=\"ekit-wid-con\" ><div class=\"ekit-heading elementskit-section-title-wraper text_center   ekit_heading_tablet-   ekit_heading_mobile-\"><h1 class=\"ekit-heading--title elementskit-section-title text_fill\"><span><span>Politique de vente<\/span><\/span><\/h1><\/div><\/div>\t\t\t\t<\/div>\n\t\t\t\t<\/div>\n\t\t<div class=\"elementor-element elementor-element-bafb1ea e-con-full e-flex e-con e-child\" data-id=\"bafb1ea\" data-element_type=\"container\" data-settings=\"{&quot;background_background&quot;:&quot;classic&quot;}\">\n\t\t\t\t<div class=\"elementor-element elementor-element-503d3bf elementor-widget elementor-widget-heading\" data-id=\"503d3bf\" data-element_type=\"widget\" data-widget_type=\"heading.default\">\n\t\t\t\t<div class=\"elementor-widget-container\">\n\t\t\t\t\t<h6 class=\"elementor-heading-title elementor-size-default\">Politique de vente<\/h6>\t\t\t\t<\/div>\n\t\t\t\t<\/div>\n\t\t\t\t<div class=\"elementor-element elementor-element-a750029 elementor-widget elementor-widget-jkit_button\" data-id=\"a750029\" data-element_type=\"widget\" data-widget_type=\"jkit_button.default\">\n\t\t\t\t<div class=\"elementor-widget-container\">\n\t\t\t\t\t<div  class=\"jeg-elementor-kit jkit-button  icon-position-before jeg_module___69e1569f77c1f\" ><a href=\"https:\/\/redinamicamx.com\/fr\/\" class=\"jkit-button-wrapper\"><svg viewBox=\"0 0 512 512\" xmlns=\"http:\/\/www.w3.org\/2000\/svg\"><path d=\"M256 8c137 0 248 111 248 248S393 504 256 504 8 393 8 256 119 8 256 8zm-28.9 143.6l75.5 72.4H120c-13.3 0-24 10.7-24 24v16c0 13.3 10.7 24 24 24h182.6l-75.5 72.4c-9.7 9.3-9.9 24.8-.4 34.3l11 10.9c9.4 9.4 24.6 9.4 33.9 0L404.3 273c9.4-9.4 9.4-24.6 0-33.9L271.6 106.3c-9.4-9.4-24.6-9.4-33.9 0l-11 10.9c-9.5 9.6-9.3 25.1.4 34.4z\"><\/path><\/svg>Back Home<\/a><\/div>\t\t\t\t<\/div>\n\t\t\t\t<\/div>\n\t\t\t\t<\/div>\n\t\t\t\t\t<\/div>\n\t\t\t\t<\/div>\n\t\t\t\t<\/div>\n\t\t<div class=\"elementor-element elementor-element-19e57c8 e-flex e-con-boxed e-con e-parent\" data-id=\"19e57c8\" data-element_type=\"container\">\n\t\t\t\t\t<div class=\"e-con-inner\">\n\t\t\t\t<div class=\"elementor-element elementor-element-c683e44 elementor-widget elementor-widget-text-editor\" data-id=\"c683e44\" data-element_type=\"widget\" data-widget_type=\"text-editor.default\">\n\t\t\t\t<div class=\"elementor-widget-container\">\n\t\t\t\t\t\t\t\t\t<h3 class=\"p1\">Exp\u00e9dition et livraison :<\/h3><p class=\"p2\">Mexique : D\u00e9lai d&rsquo;exp\u00e9dition : 5 jours ouvrables dans la R\u00e9publique mexicaine. Pour recevoir les produits de mani\u00e8re s\u00fbre et efficace, nous vous aiderons \u00e0 choisir la meilleure m\u00e9thode d&rsquo;exp\u00e9dition. Nous \u00e9tablissons des devis avec diff\u00e9rentes entreprises de livraison, de transport et de fret, afin que vous puissiez choisir la meilleure option, ou si vous le souhaitez, vous pouvez nous sugg\u00e9rer l&rsquo;entreprise de transport de votre choix.<\/p><p class=\"p2\"><strong>Am\u00e9rique latine :<\/strong> D\u00e9lai d&rsquo;exp\u00e9dition : 15 jours ouvrables environ pour l&rsquo;Am\u00e9rique latine. Nous travaillons avec les compagnies maritimes les plus importantes et les plus prestigieuses pour que vos produits arrivent dans de bonnes conditions, ou si vous le souhaitez, vous pouvez nous proposer la compagnie de transport de votre choix.<\/p><p class=\"p2\"><strong>Europe :<\/strong> D\u00e9lai d&rsquo;exp\u00e9dition : 39 jours ouvrables environ pour l&rsquo;Europe. Nous travaillons avec les compagnies maritimes les plus importantes et les plus prestigieuses pour que vos produits arrivent dans de bonnes conditions, ou si vous le souhaitez, vous pouvez nous proposer la compagnie de transport de votre choix.<\/p><p class=\"p2\"><strong>Conditions :<\/strong> L&rsquo;exp\u00e9dition des produits demand\u00e9s est effectu\u00e9e apr\u00e8s la confirmation du paiement et en fonction de la quantit\u00e9 d&rsquo;appareils (volume d&rsquo;achat) et de l&rsquo;inventaire dans notre entrep\u00f4t.<\/p><p class=\"p2\">Veuillez nous contacter pour obtenir des informations sur la disponibilit\u00e9 des produits et les d\u00e9lais de livraison. Pour b\u00e9n\u00e9ficier de la meilleure option d&rsquo;exp\u00e9dition, veuillez enregistrer correctement votre adresse au moment de la commande.<\/p><p class=\"p2\">Les frais d&rsquo;exp\u00e9dition sont \u00e0 la charge du client. Une fois le paiement accr\u00e9dit\u00e9, le produit est envoy\u00e9.<\/p><p> <\/p><h3 class=\"p1\">Achats en ligne, M\u00e9thodes de paiement :<\/h3><p class=\"p2\">D\u00e9p\u00f4t ou virement bancaire : Apr\u00e8s avoir pass\u00e9 votre commande et indiqu\u00e9 le mode de paiement, nous vous enverrons les donn\u00e9es n\u00e9cessaires pour effectuer la transaction. Ensuite, nous confirmerons l&rsquo;\u00e9tat du paiement sur notre compte bancaire.<\/p><p class=\"p2\"><strong>Pour toute question, veuillez nous contacter.<\/strong><\/p><p class=\"p2\">Conditions : Pour les transactions internationales et nationales, veuillez verser un acompte de 70 % \u00e0 la commande ; ainsi, la fabrication est assur\u00e9e, et d\u00e9poser le montant restant un jour avant l&rsquo;exp\u00e9dition des produits. Ou, si vous pr\u00e9f\u00e9rez, vous pouvez effectuer le paiement total en une seule fois, lors de la commande.<\/p>\t\t\t\t\t\t\t\t<\/div>\n\t\t\t\t<\/div>\n\t\t\t\t\t<\/div>\n\t\t\t\t<\/div>\n\t\t\t\t<\/div>\n\t\t","protected":false},"excerpt":{"rendered":"<p>Politique de vente Politique de vente Back Home Exp\u00e9dition et livraison : Mexique : D\u00e9lai d&rsquo;exp\u00e9dition : 5 jours ouvrables dans la R\u00e9publique mexicaine. Pour recevoir les produits de mani\u00e8re s\u00fbre et efficace, nous vous aiderons \u00e0 choisir la meilleure m\u00e9thode d&rsquo;exp\u00e9dition. Nous \u00e9tablissons des devis avec diff\u00e9rentes entreprises de livraison, de transport et de [&hellip;]<\/p>\n","protected":false},"author":1,"featured_media":0,"parent":0,"menu_order":0,"comment_status":"closed","ping_status":"closed","template":"","meta":{"footnotes":""},"class_list":["post-419","page","type-page","status-publish","hentry"],"yoast_head":"<!-- This site is optimized with the Yoast SEO plugin v25.0 - https:\/\/yoast.com\/wordpress\/plugins\/seo\/ -->\n<title>Politique de vente - redinamicamx.com<\/title>\n<meta name=\"robots\" content=\"index, follow, max-snippet:-1, max-image-preview:large, max-video-preview:-1\" \/>\n<link rel=\"canonical\" href=\"https:\/\/redinamicamx.com\/fr\/politique-de-vente\/\" \/>\n<meta property=\"og:locale\" content=\"fr_FR\" \/>\n<meta property=\"og:type\" content=\"article\" \/>\n<meta property=\"og:title\" content=\"Politique de vente - redinamicamx.com\" \/>\n<meta property=\"og:description\" content=\"Politique de vente Politique de vente Back Home Exp\u00e9dition et livraison : Mexique : D\u00e9lai d&rsquo;exp\u00e9dition : 5 jours ouvrables dans la R\u00e9publique mexicaine. Pour recevoir les produits de mani\u00e8re s\u00fbre et efficace, nous vous aiderons \u00e0 choisir la meilleure m\u00e9thode d&rsquo;exp\u00e9dition. Nous \u00e9tablissons des devis avec diff\u00e9rentes entreprises de livraison, de transport et de [&hellip;]\" \/>\n<meta property=\"og:url\" content=\"https:\/\/redinamicamx.com\/fr\/politique-de-vente\/\" \/>\n<meta property=\"og:site_name\" content=\"redinamicamx.com\" \/>\n<meta property=\"article:modified_time\" content=\"2025-05-03T17:09:12+00:00\" \/>\n<meta name=\"twitter:card\" content=\"summary_large_image\" \/>\n<meta name=\"twitter:label1\" content=\"Dur\u00e9e de lecture estim\u00e9e\" \/>\n\t<meta name=\"twitter:data1\" content=\"2 minutes\" \/>\n<script type=\"application\/ld+json\" class=\"yoast-schema-graph\">{\"@context\":\"https:\/\/schema.org\",\"@graph\":[{\"@type\":\"WebPage\",\"@id\":\"https:\/\/redinamicamx.com\/fr\/politique-de-vente\/\",\"url\":\"https:\/\/redinamicamx.com\/fr\/politique-de-vente\/\",\"name\":\"Politique de vente - redinamicamx.com\",\"isPartOf\":{\"@id\":\"https:\/\/redinamicamx.com\/fr\/#website\"},\"datePublished\":\"2025-04-30T13:41:13+00:00\",\"dateModified\":\"2025-05-03T17:09:12+00:00\",\"breadcrumb\":{\"@id\":\"https:\/\/redinamicamx.com\/fr\/politique-de-vente\/#breadcrumb\"},\"inLanguage\":\"fr-FR\",\"potentialAction\":[{\"@type\":\"ReadAction\",\"target\":[\"https:\/\/redinamicamx.com\/fr\/politique-de-vente\/\"]}]},{\"@type\":\"BreadcrumbList\",\"@id\":\"https:\/\/redinamicamx.com\/fr\/politique-de-vente\/#breadcrumb\",\"itemListElement\":[{\"@type\":\"ListItem\",\"position\":1,\"name\":\"Accueil\",\"item\":\"https:\/\/redinamicamx.com\/fr\/\"},{\"@type\":\"ListItem\",\"position\":2,\"name\":\"Politique de vente\"}]},{\"@type\":\"WebSite\",\"@id\":\"https:\/\/redinamicamx.com\/fr\/#website\",\"url\":\"https:\/\/redinamicamx.com\/fr\/\",\"name\":\"redinamicamx.com\",\"description\":\"Une protection sismique en laquelle vous pouvez avoir confiance.\",\"publisher\":{\"@id\":\"https:\/\/redinamicamx.com\/fr\/#organization\"},\"potentialAction\":[{\"@type\":\"SearchAction\",\"target\":{\"@type\":\"EntryPoint\",\"urlTemplate\":\"https:\/\/redinamicamx.com\/fr\/?s={search_term_string}\"},\"query-input\":{\"@type\":\"PropertyValueSpecification\",\"valueRequired\":true,\"valueName\":\"search_term_string\"}}],\"inLanguage\":\"fr-FR\"},{\"@type\":\"Organization\",\"@id\":\"https:\/\/redinamicamx.com\/fr\/#organization\",\"name\":\"redinamicamx.com\",\"url\":\"https:\/\/redinamicamx.com\/fr\/\",\"logo\":{\"@type\":\"ImageObject\",\"inLanguage\":\"fr-FR\",\"@id\":\"https:\/\/redinamicamx.com\/fr\/#\/schema\/logo\/image\/\",\"url\":\"https:\/\/redinamicamx.com\/wp-content\/uploads\/2025\/04\/Design-sans-titre-1.png\",\"contentUrl\":\"https:\/\/redinamicamx.com\/wp-content\/uploads\/2025\/04\/Design-sans-titre-1.png\",\"caption\":\"redinamicamx.com\"},\"image\":{\"@id\":\"https:\/\/redinamicamx.com\/fr\/#\/schema\/logo\/image\/\"}}]}<\/script>\n<!-- \/ Yoast SEO plugin. -->","yoast_head_json":{"title":"Politique de vente - redinamicamx.com","robots":{"index":"index","follow":"follow","max-snippet":"max-snippet:-1","max-image-preview":"max-image-preview:large","max-video-preview":"max-video-preview:-1"},"canonical":"https:\/\/redinamicamx.com\/fr\/politique-de-vente\/","og_locale":"fr_FR","og_type":"article","og_title":"Politique de vente - redinamicamx.com","og_description":"Politique de vente Politique de vente Back Home Exp\u00e9dition et livraison : Mexique : D\u00e9lai d&rsquo;exp\u00e9dition : 5 jours ouvrables dans la R\u00e9publique mexicaine. Pour recevoir les produits de mani\u00e8re s\u00fbre et efficace, nous vous aiderons \u00e0 choisir la meilleure m\u00e9thode d&rsquo;exp\u00e9dition. Nous \u00e9tablissons des devis avec diff\u00e9rentes entreprises de livraison, de transport et de [&hellip;]","og_url":"https:\/\/redinamicamx.com\/fr\/politique-de-vente\/","og_site_name":"redinamicamx.com","article_modified_time":"2025-05-03T17:09:12+00:00","twitter_card":"summary_large_image","twitter_misc":{"Dur\u00e9e de lecture estim\u00e9e":"2 minutes"},"schema":{"@context":"https:\/\/schema.org","@graph":[{"@type":"WebPage","@id":"https:\/\/redinamicamx.com\/fr\/politique-de-vente\/","url":"https:\/\/redinamicamx.com\/fr\/politique-de-vente\/","name":"Politique de vente - redinamicamx.com","isPartOf":{"@id":"https:\/\/redinamicamx.com\/fr\/#website"},"datePublished":"2025-04-30T13:41:13+00:00","dateModified":"2025-05-03T17:09:12+00:00","breadcrumb":{"@id":"https:\/\/redinamicamx.com\/fr\/politique-de-vente\/#breadcrumb"},"inLanguage":"fr-FR","potentialAction":[{"@type":"ReadAction","target":["https:\/\/redinamicamx.com\/fr\/politique-de-vente\/"]}]},{"@type":"BreadcrumbList","@id":"https:\/\/redinamicamx.com\/fr\/politique-de-vente\/#breadcrumb","itemListElement":[{"@type":"ListItem","position":1,"name":"Accueil","item":"https:\/\/redinamicamx.com\/fr\/"},{"@type":"ListItem","position":2,"name":"Politique de vente"}]},{"@type":"WebSite","@id":"https:\/\/redinamicamx.com\/fr\/#website","url":"https:\/\/redinamicamx.com\/fr\/","name":"redinamicamx.com","description":"Une protection sismique en laquelle vous pouvez avoir confiance.","publisher":{"@id":"https:\/\/redinamicamx.com\/fr\/#organization"},"potentialAction":[{"@type":"SearchAction","target":{"@type":"EntryPoint","urlTemplate":"https:\/\/redinamicamx.com\/fr\/?s={search_term_string}"},"query-input":{"@type":"PropertyValueSpecification","valueRequired":true,"valueName":"search_term_string"}}],"inLanguage":"fr-FR"},{"@type":"Organization","@id":"https:\/\/redinamicamx.com\/fr\/#organization","name":"redinamicamx.com","url":"https:\/\/redinamicamx.com\/fr\/","logo":{"@type":"ImageObject","inLanguage":"fr-FR","@id":"https:\/\/redinamicamx.com\/fr\/#\/schema\/logo\/image\/","url":"https:\/\/redinamicamx.com\/wp-content\/uploads\/2025\/04\/Design-sans-titre-1.png","contentUrl":"https:\/\/redinamicamx.com\/wp-content\/uploads\/2025\/04\/Design-sans-titre-1.png","caption":"redinamicamx.com"},"image":{"@id":"https:\/\/redinamicamx.com\/fr\/#\/schema\/logo\/image\/"}}]}},"_links":{"self":[{"href":"https:\/\/redinamicamx.com\/fr\/wp-json\/wp\/v2\/pages\/419","targetHints":{"allow":["GET"]}}],"collection":[{"href":"https:\/\/redinamicamx.com\/fr\/wp-json\/wp\/v2\/pages"}],"about":[{"href":"https:\/\/redinamicamx.com\/fr\/wp-json\/wp\/v2\/types\/page"}],"author":[{"embeddable":true,"href":"https:\/\/redinamicamx.com\/fr\/wp-json\/wp\/v2\/users\/1"}],"replies":[{"embeddable":true,"href":"https:\/\/redinamicamx.com\/fr\/wp-json\/wp\/v2\/comments?post=419"}],"version-history":[{"count":1,"href":"https:\/\/redinamicamx.com\/fr\/wp-json\/wp\/v2\/pages\/419\/revisions"}],"predecessor-version":[{"id":423,"href":"https:\/\/redinamicamx.com\/fr\/wp-json\/wp\/v2\/pages\/419\/revisions\/423"}],"wp:attachment":[{"href":"https:\/\/redinamicamx.com\/fr\/wp-json\/wp\/v2\/media?parent=419"}],"curies":[{"name":"wp","href":"https:\/\/api.w.org\/{rel}","templated":true}]}}