{"id":430,"date":"2025-04-30T13:41:46","date_gmt":"2025-04-30T13:41:46","guid":{"rendered":"https:\/\/redinamicamx.com\/confidencialidad\/"},"modified":"2025-05-03T17:09:13","modified_gmt":"2025-05-03T17:09:13","slug":"confidencialidad","status":"publish","type":"page","link":"https:\/\/redinamicamx.com\/es\/confidencialidad\/","title":{"rendered":"Confidencialidad"},"content":{"rendered":"<style>.elementor-430 .elementor-element.elementor-element-1b0306a{--display:flex;--flex-direction:column;--container-widget-width:100%;--container-widget-height:initial;--container-widget-flex-grow:0;--container-widget-align-self:initial;--flex-wrap-mobile:wrap;--overlay-opacity:1;--margin-top:0px;--margin-bottom:0px;--margin-left:0px;--margin-right:0px;--padding-top:0px;--padding-bottom:0px;--padding-left:0px;--padding-right:0px;}.elementor-430 .elementor-element.elementor-element-1b0306a:not(.elementor-motion-effects-element-type-background), .elementor-430 .elementor-element.elementor-element-1b0306a > .elementor-motion-effects-container > .elementor-motion-effects-layer{background-image:url(\"https:\/\/redinamicamx.com\/wp-content\/uploads\/2025\/05\/aerial-view-of-an-open-pit-of-iron-ore-resource-m-2025-01-08-12-53-01-utc.jpg\");background-position:center center;background-size:cover;}.elementor-430 .elementor-element.elementor-element-1b0306a::before, .elementor-430 .elementor-element.elementor-element-1b0306a > .elementor-background-video-container::before, .elementor-430 .elementor-element.elementor-element-1b0306a > .e-con-inner > .elementor-background-video-container::before, .elementor-430 .elementor-element.elementor-element-1b0306a > .elementor-background-slideshow::before, .elementor-430 .elementor-element.elementor-element-1b0306a > .e-con-inner > .elementor-background-slideshow::before, .elementor-430 .elementor-element.elementor-element-1b0306a > .elementor-motion-effects-container > .elementor-motion-effects-layer::before{background-color:transparent;--background-overlay:'';background-image:linear-gradient(180deg, var( --e-global-color-primary ) 18%, var( --e-global-color-ab6594a ) 100%);}.elementor-430 .elementor-element.elementor-element-f0ceed8{--display:flex;--align-items:center;--container-widget-width:calc( ( 1 - var( --container-widget-flex-grow ) ) * 100% );--overlay-opacity:0.8;--margin-top:0px;--margin-bottom:0px;--margin-left:0px;--margin-right:0px;--padding-top:80px;--padding-bottom:120px;--padding-left:0px;--padding-right:0px;}.elementor-430 .elementor-element.elementor-element-f0ceed8::before, .elementor-430 .elementor-element.elementor-element-f0ceed8 > .elementor-background-video-container::before, .elementor-430 .elementor-element.elementor-element-f0ceed8 > .e-con-inner > .elementor-background-video-container::before, .elementor-430 .elementor-element.elementor-element-f0ceed8 > .elementor-background-slideshow::before, .elementor-430 .elementor-element.elementor-element-f0ceed8 > .e-con-inner > .elementor-background-slideshow::before, .elementor-430 .elementor-element.elementor-element-f0ceed8 > .elementor-motion-effects-container > .elementor-motion-effects-layer::before{background-color:var( --e-global-color-primary );--background-overlay:'';}.elementor-430 .elementor-element.elementor-element-4180495 .elementskit-section-title-wraper .elementskit-section-title.text_fill > span{background-color:transparent;background-image:linear-gradient(180deg, #FFFFFFAD 0%, var( --e-global-color-8428b2c ) 100%);}.elementor-430 .elementor-element.elementor-element-4180495 > .elementor-widget-container{margin:0px 0px 0px 0px;padding:0px 0px 0px 0px;}.elementor-430 .elementor-element.elementor-element-4180495 .elementskit-section-title-wraper .elementskit-section-title{font-family:var( --e-global-typography-bbb74de-font-family ), Sans-serif;font-size:var( --e-global-typography-bbb74de-font-size );font-weight:var( --e-global-typography-bbb74de-font-weight );line-height:var( --e-global-typography-bbb74de-line-height );letter-spacing:var( --e-global-typography-bbb74de-letter-spacing );word-spacing:var( --e-global-typography-bbb74de-word-spacing );}.elementor-430 .elementor-element.elementor-element-4180495 .elementskit-section-title-wraper .elementskit-section-title span:last-child, .elementor-430 .elementor-element.elementor-element-4180495 .elementskit-section-title-wraper .elementskit-section-title > span{font-size:94px;font-weight:100;line-height:100px;}.elementor-430 .elementor-element.elementor-element-9413564{--display:flex;--flex-direction:row;--container-widget-width:calc( ( 1 - var( --container-widget-flex-grow ) ) * 100% );--container-widget-height:100%;--container-widget-flex-grow:1;--container-widget-align-self:stretch;--flex-wrap-mobile:wrap;--justify-content:center;--align-items:center;--gap:15px 15px;--row-gap:15px;--column-gap:15px;--border-radius:99px 99px 99px 99px;--margin-top:-39px;--margin-bottom:0px;--margin-left:0px;--margin-right:0px;--padding-top:13px;--padding-bottom:13px;--padding-left:13px;--padding-right:13px;}.elementor-430 .elementor-element.elementor-element-db6d5e1 .elementor-heading-title{font-family:var( --e-global-typography-ed20474-font-family ), Sans-serif;font-size:var( --e-global-typography-ed20474-font-size );font-weight:var( --e-global-typography-ed20474-font-weight );line-height:var( --e-global-typography-ed20474-line-height );letter-spacing:var( --e-global-typography-ed20474-letter-spacing );word-spacing:var( --e-global-typography-ed20474-word-spacing );}.elementor-430 .elementor-element.elementor-element-770cb27 .jeg-elementor-kit.jkit-button .jkit-button-wrapper{background-color:var( --e-global-color-ab6594a );padding:0px 0px 0px 0px;font-family:\"Roboto\", Sans-serif;font-size:1.1em;font-weight:300;text-decoration:none;color:var( --e-global-color-10478e6 );}.elementor-430 .elementor-element.elementor-element-770cb27 > .elementor-widget-container{margin:0px 0px 0px 0px;}.elementor-430 .elementor-element.elementor-element-770cb27 .jeg-elementor-kit.jkit-button{text-align:center;}.elementor-430 .elementor-element.elementor-element-770cb27 .jeg-elementor-kit.jkit-button .jkit-button-wrapper svg{fill:var( --e-global-color-10478e6 );}.elementor-430 .elementor-element.elementor-element-770cb27 .jeg-elementor-kit.jkit-button .jkit-button-wrapper:hover{color:var( --e-global-color-text );}.elementor-430 .elementor-element.elementor-element-770cb27 .jeg-elementor-kit.jkit-button .jkit-button-wrapper:hover svg{fill:var( --e-global-color-10478e6 );}.elementor-430 .elementor-element.elementor-element-770cb27 .jeg-elementor-kit.jkit-button.icon-position-before .jkit-button-wrapper i, .elementor-430 .elementor-element.elementor-element-770cb27 .jeg-elementor-kit.jkit-button.icon-position-before .jkit-button-wrapper svg{margin-right:13px;}.elementor-430 .elementor-element.elementor-element-770cb27 .jeg-elementor-kit.jkit-button.icon-position-after .jkit-button-wrapper i, .elementor-430 .elementor-element.elementor-element-770cb27 .jeg-elementor-kit.jkit-button.icon-position-after .jkit-button-wrapper svg{margin-left:13px;}.elementor-430 .elementor-element.elementor-element-770cb27 .jeg-elementor-kit.jkit-button .jkit-button-wrapper:not(:hover) > i{color:var( --e-global-color-10478e6 );}.elementor-430 .elementor-element.elementor-element-770cb27 .jeg-elementor-kit.jkit-button .jkit-button-wrapper:not(:hover) > svg{fill:var( --e-global-color-10478e6 );}.elementor-430 .elementor-element.elementor-element-770cb27 .jeg-elementor-kit.jkit-button .jkit-button-wrapper:hover i{color:var( --e-global-color-10478e6 );}.elementor-430 .elementor-element.elementor-element-b169e49{--display:flex;--flex-direction:column;--container-widget-width:100%;--container-widget-height:initial;--container-widget-flex-grow:0;--container-widget-align-self:initial;--flex-wrap-mobile:wrap;--padding-top:100px;--padding-bottom:100px;--padding-left:20px;--padding-right:20px;}:root{--page-title-display:none;}@media(max-width:1024px){.elementor-430 .elementor-element.elementor-element-f0ceed8{--padding-top:130px;--padding-bottom:120px;--padding-left:30px;--padding-right:30px;}.elementor-430 .elementor-element.elementor-element-4180495 .elementskit-section-title-wraper .elementskit-section-title{font-size:var( --e-global-typography-bbb74de-font-size );line-height:var( --e-global-typography-bbb74de-line-height );letter-spacing:var( --e-global-typography-bbb74de-letter-spacing );word-spacing:var( --e-global-typography-bbb74de-word-spacing );}.elementor-430 .elementor-element.elementor-element-db6d5e1 > .elementor-widget-container{margin:3px 0px 0px 0px;}.elementor-430 .elementor-element.elementor-element-db6d5e1 .elementor-heading-title{font-size:var( --e-global-typography-ed20474-font-size );line-height:var( --e-global-typography-ed20474-line-height );letter-spacing:var( --e-global-typography-ed20474-letter-spacing );word-spacing:var( --e-global-typography-ed20474-word-spacing );}.elementor-430 .elementor-element.elementor-element-770cb27 .jeg-elementor-kit.jkit-button .jkit-button-wrapper{font-size:0.9em;}}@media(max-width:767px){.elementor-430 .elementor-element.elementor-element-f0ceed8{--padding-top:100px;--padding-bottom:100px;--padding-left:20px;--padding-right:20px;}.elementor-430 .elementor-element.elementor-element-4180495 .elementskit-section-title-wraper .elementskit-section-title{font-size:var( --e-global-typography-bbb74de-font-size );line-height:var( --e-global-typography-bbb74de-line-height );letter-spacing:var( --e-global-typography-bbb74de-letter-spacing );word-spacing:var( --e-global-typography-bbb74de-word-spacing );}.elementor-430 .elementor-element.elementor-element-4180495 .elementskit-section-title-wraper .elementskit-section-title span:last-child, .elementor-430 .elementor-element.elementor-element-4180495 .elementskit-section-title-wraper .elementskit-section-title > span{font-size:50px;}.elementor-430 .elementor-element.elementor-element-9413564{--width:83%;--margin-top:-65px;--margin-bottom:0px;--margin-left:0px;--margin-right:0px;}.elementor-430 .elementor-element.elementor-element-db6d5e1 .elementor-heading-title{font-size:var( --e-global-typography-ed20474-font-size );line-height:var( --e-global-typography-ed20474-line-height );letter-spacing:var( --e-global-typography-ed20474-letter-spacing );word-spacing:var( --e-global-typography-ed20474-word-spacing );}.elementor-430 .elementor-element.elementor-element-770cb27 .jeg-elementor-kit.jkit-button .jkit-button-wrapper{font-size:1em;}}@media(min-width:768px){.elementor-430 .elementor-element.elementor-element-9413564{--width:22%;}}@media(max-width:1024px) and (min-width:768px){.elementor-430 .elementor-element.elementor-element-9413564{--width:40%;}}<\/style>\t\t<div data-elementor-type=\"wp-page\" data-elementor-id=\"430\" class=\"elementor elementor-430 elementor-27\" data-elementor-post-type=\"page\">\n\t\t\t\t<div class=\"elementor-element elementor-element-1b0306a e-con-full e-flex e-con e-parent\" data-id=\"1b0306a\" data-element_type=\"container\" data-settings=\"{&quot;background_background&quot;:&quot;classic&quot;}\">\n\t\t<div class=\"elementor-element elementor-element-f0ceed8 e-flex e-con-boxed e-con e-child\" data-id=\"f0ceed8\" data-element_type=\"container\" data-settings=\"{&quot;background_background&quot;:&quot;classic&quot;}\">\n\t\t\t\t\t<div class=\"e-con-inner\">\n\t\t\t\t<div class=\"elementor-element elementor-element-4180495 elementor-invisible elementor-widget elementor-widget-elementskit-heading\" data-id=\"4180495\" data-element_type=\"widget\" data-settings=\"{&quot;_animation&quot;:&quot;fadeInUp&quot;}\" data-widget_type=\"elementskit-heading.default\">\n\t\t\t\t<div class=\"elementor-widget-container\">\n\t\t\t\t\t<div class=\"ekit-wid-con\" ><div class=\"ekit-heading elementskit-section-title-wraper text_center   ekit_heading_tablet-   ekit_heading_mobile-\"><h1 class=\"ekit-heading--title elementskit-section-title text_fill\"><span><span>Confidentiality<\/span><\/span><\/h1><\/div><\/div>\t\t\t\t<\/div>\n\t\t\t\t<\/div>\n\t\t<div class=\"elementor-element elementor-element-9413564 e-con-full e-flex e-con e-child\" data-id=\"9413564\" data-element_type=\"container\" data-settings=\"{&quot;background_background&quot;:&quot;classic&quot;}\">\n\t\t\t\t<div class=\"elementor-element elementor-element-db6d5e1 elementor-widget elementor-widget-heading\" data-id=\"db6d5e1\" data-element_type=\"widget\" data-widget_type=\"heading.default\">\n\t\t\t\t<div class=\"elementor-widget-container\">\n\t\t\t\t\t<h6 class=\"elementor-heading-title elementor-size-default\">Confidencialidad<\/h6>\t\t\t\t<\/div>\n\t\t\t\t<\/div>\n\t\t\t\t<div class=\"elementor-element elementor-element-770cb27 elementor-widget elementor-widget-jkit_button\" data-id=\"770cb27\" data-element_type=\"widget\" data-widget_type=\"jkit_button.default\">\n\t\t\t\t<div class=\"elementor-widget-container\">\n\t\t\t\t\t<div  class=\"jeg-elementor-kit jkit-button  icon-position-before jeg_module___69e13a73d5207\" ><a href=\"https:\/\/redinamicamx.com\/es\/\" class=\"jkit-button-wrapper\"><svg viewBox=\"0 0 512 512\" xmlns=\"http:\/\/www.w3.org\/2000\/svg\"><path d=\"M256 8c137 0 248 111 248 248S393 504 256 504 8 393 8 256 119 8 256 8zm-28.9 143.6l75.5 72.4H120c-13.3 0-24 10.7-24 24v16c0 13.3 10.7 24 24 24h182.6l-75.5 72.4c-9.7 9.3-9.9 24.8-.4 34.3l11 10.9c9.4 9.4 24.6 9.4 33.9 0L404.3 273c9.4-9.4 9.4-24.6 0-33.9L271.6 106.3c-9.4-9.4-24.6-9.4-33.9 0l-11 10.9c-9.5 9.6-9.3 25.1.4 34.4z\"><\/path><\/svg>Back Home<\/a><\/div>\t\t\t\t<\/div>\n\t\t\t\t<\/div>\n\t\t\t\t<\/div>\n\t\t\t\t\t<\/div>\n\t\t\t\t<\/div>\n\t\t\t\t<\/div>\n\t\t<div class=\"elementor-element elementor-element-b169e49 e-flex e-con-boxed e-con e-parent\" data-id=\"b169e49\" data-element_type=\"container\">\n\t\t\t\t\t<div class=\"e-con-inner\">\n\t\t\t\t<div class=\"elementor-element elementor-element-2382ee3 elementor-widget elementor-widget-text-editor\" data-id=\"2382ee3\" data-element_type=\"widget\" data-widget_type=\"text-editor.default\">\n\t\t\t\t<div class=\"elementor-widget-container\">\n\t\t\t\t\t\t\t\t\t<h5>Definiciones<\/h5>\n<ul>\n    <li><strong>El Editor<\/strong>: La persona f\u00edsica o jur\u00eddica que publica servicios de comunicaci\u00f3n p\u00fablica en l\u00ednea.<\/li>\n    <li><strong>El Sitio<\/strong>: Todos los sitios web, p\u00e1ginas de Internet y servicios en l\u00ednea ofrecidos por el Editor.<\/li>\n    <li><strong>El Usuario<\/strong>: La persona que utiliza el Sitio y los servicios.<\/li>\n<\/ul>\n<h4>1. Naturaleza de los datos recogidos<\/h4>\n<p>En el contexto del uso de los Sitios, el Editor puede recopilar las siguientes categor\u00edas de datos relativos a sus Usuarios:<\/p>\n<ul>\n    <li>Datos de conexi\u00f3n (direcciones IP, registros de eventos&#8230;)<\/li>\n<\/ul>\n<h4>2. Informaci\u00f3n previa para la comunicaci\u00f3n de datos personales a terceros en caso de fusi\u00f3n\/adquisici\u00f3n<\/h4>\n<h5>Informaci\u00f3n previa y exclusi\u00f3n voluntaria antes y despu\u00e9s de la fusi\u00f3n\/adquisici\u00f3n<\/h5>\n<p>En caso de que participemos en una fusi\u00f3n, adquisici\u00f3n o cualquier otra forma de transferencia de activos, nos comprometemos a garantizar la confidencialidad de tus datos personales y a informarte antes de que sean transferidos o sometidos a nuevas normas de privacidad.<\/p>\n<h4>3. Recogida de datos de identidad<\/h4>\n<h5>Consulta gratuita<\/h5>\n<p>Para navegar por el Sitio no es necesario registrarse ni identificarse previamente. Puede hacerse sin que proporciones ning\u00fan dato personal (nombre, apellidos, direcci\u00f3n, etc.). No registramos ning\u00fan dato personal por la simple navegaci\u00f3n por el Sitio.<\/p>\n<h4>4. Recogida de datos del terminal<\/h4>\n<h5>Recogida de perfiles y datos t\u00e9cnicos para la prestaci\u00f3n de servicios<\/h5>\n<p>El Sitio recoge autom\u00e1ticamente algunos datos t\u00e9cnicos de tu dispositivo. Esta informaci\u00f3n incluye tu direcci\u00f3n IP, proveedor de servicios de Internet, configuraci\u00f3n de hardware, configuraci\u00f3n de software, tipo de navegador e idioma&#8230; La recogida de estos datos es necesaria para la prestaci\u00f3n de servicios.<\/p>\n<h5>Recogida de datos t\u00e9cnicos con fines publicitarios, comerciales y estad\u00edsticos<\/h5>\n<p>Los datos t\u00e9cnicos de tu dispositivo son recogidos y registrados autom\u00e1ticamente por el Sitio con fines publicitarios, comerciales y estad\u00edsticos. Esta informaci\u00f3n nos ayuda a personalizar y mejorar continuamente tu experiencia en nuestro Sitio. No recogemos ni conservamos ning\u00fan dato personal (nombre, apellidos, direcci\u00f3n, etc.) que pueda estar asociado a datos t\u00e9cnicos. Los datos recogidos pueden ser revendidos a terceros.<\/p>\n<h4>5. Conservaci\u00f3n de datos t\u00e9cnicos<\/h4>\n<h5>Duraci\u00f3n de la conservaci\u00f3n de los datos t\u00e9cnicos<\/h5>\n<p>Los datos t\u00e9cnicos se conservan durante el tiempo estrictamente necesario para alcanzar los fines mencionados anteriormente.<\/p>\n<h4>6. Eliminaci\u00f3n de la cuenta<\/h4>\n<h5>Eliminaci\u00f3n de la cuenta previa solicitud<\/h5>\n<p>El Usuario tiene la opci\u00f3n de eliminar su Cuenta en cualquier momento, simplemente solicit\u00e1ndolo al Editor O a trav\u00e9s del men\u00fa de eliminaci\u00f3n de la Cuenta en la configuraci\u00f3n de la Cuenta, si procede.<\/p>\n<h5>Eliminaci\u00f3n de la cuenta en caso de violaci\u00f3n de la Pol\u00edtica de Privacidad<\/h5>\n<p>En caso de infracci\u00f3n de una o varias disposiciones de la Pol\u00edtica de privacidad o de cualquier otro documento incorporado al presente documento por referencia, el Editor se reserva el derecho a cancelar o restringir, sin previo aviso y a su entera discreci\u00f3n, tu uso y acceso a los servicios, a tu cuenta y a todos los Sitios.<\/p>\n<h4>7. Modificaci\u00f3n de la Pol\u00edtica de Privacidad<\/h4>\n<h5>En caso de modificaci\u00f3n de esta Pol\u00edtica de Privacidad, compromiso de no reducir sustancialmente el nivel de privacidad sin notificaci\u00f3n previa a las partes interesadas.<\/h5>\n<p>Nos comprometemos a informarte en caso de modificaci\u00f3n sustancial de esta Pol\u00edtica de Privacidad y a no rebajar sustancialmente el nivel de privacidad de tus datos sin informarte y obtener tu consentimiento.<\/p>\n<h4>8. Ley aplicable y recursos<\/h4>\n<h5>Cl\u00e1usula de arbitraje<\/h5>\n<p>Aceptas expresamente que cualquier disputa derivada de esta Pol\u00edtica de Privacidad, incluyendo su interpretaci\u00f3n o ejecuci\u00f3n, ser\u00e1 sometida a un procedimiento de arbitraje bajo las reglas de la plataforma de arbitraje elegida de mutuo acuerdo, a la que te adherir\u00e1s sin reservas.<\/p>\t\t\t\t\t\t\t\t<\/div>\n\t\t\t\t<\/div>\n\t\t\t\t\t<\/div>\n\t\t\t\t<\/div>\n\t\t\t\t<\/div>\n\t\t","protected":false},"excerpt":{"rendered":"<p>Confidentiality Confidencialidad Back Home Definiciones El Editor: La persona f\u00edsica o jur\u00eddica que publica servicios de comunicaci\u00f3n p\u00fablica en l\u00ednea. El Sitio: Todos los sitios web, p\u00e1ginas de Internet y servicios en l\u00ednea ofrecidos por el Editor. El Usuario: La persona que utiliza el Sitio y los servicios. 1. Naturaleza de los datos recogidos En [&hellip;]<\/p>\n","protected":false},"author":1,"featured_media":0,"parent":0,"menu_order":0,"comment_status":"closed","ping_status":"closed","template":"","meta":{"footnotes":""},"class_list":["post-430","page","type-page","status-publish","hentry"],"yoast_head":"<!-- This site is optimized with the Yoast SEO plugin v25.0 - https:\/\/yoast.com\/wordpress\/plugins\/seo\/ -->\n<title>Confidencialidad - redinamicamx.com<\/title>\n<meta name=\"robots\" content=\"index, follow, max-snippet:-1, max-image-preview:large, max-video-preview:-1\" \/>\n<link rel=\"canonical\" href=\"https:\/\/redinamicamx.com\/es\/confidencialidad\/\" \/>\n<meta property=\"og:locale\" content=\"es_ES\" \/>\n<meta property=\"og:type\" content=\"article\" \/>\n<meta property=\"og:title\" content=\"Confidencialidad - redinamicamx.com\" \/>\n<meta property=\"og:description\" content=\"Confidentiality Confidencialidad Back Home Definiciones El Editor: La persona f\u00edsica o jur\u00eddica que publica servicios de comunicaci\u00f3n p\u00fablica en l\u00ednea. El Sitio: Todos los sitios web, p\u00e1ginas de Internet y servicios en l\u00ednea ofrecidos por el Editor. El Usuario: La persona que utiliza el Sitio y los servicios. 1. Naturaleza de los datos recogidos En [&hellip;]\" \/>\n<meta property=\"og:url\" content=\"https:\/\/redinamicamx.com\/es\/confidencialidad\/\" \/>\n<meta property=\"og:site_name\" content=\"redinamicamx.com\" \/>\n<meta property=\"article:modified_time\" content=\"2025-05-03T17:09:13+00:00\" \/>\n<meta name=\"twitter:card\" content=\"summary_large_image\" \/>\n<meta name=\"twitter:label1\" content=\"Tiempo de lectura\" \/>\n\t<meta name=\"twitter:data1\" content=\"3 minuto\" \/>\n<script type=\"application\/ld+json\" class=\"yoast-schema-graph\">{\"@context\":\"https:\/\/schema.org\",\"@graph\":[{\"@type\":\"WebPage\",\"@id\":\"https:\/\/redinamicamx.com\/es\/confidencialidad\/\",\"url\":\"https:\/\/redinamicamx.com\/es\/confidencialidad\/\",\"name\":\"Confidencialidad - redinamicamx.com\",\"isPartOf\":{\"@id\":\"https:\/\/redinamicamx.com\/es\/#website\"},\"datePublished\":\"2025-04-30T13:41:46+00:00\",\"dateModified\":\"2025-05-03T17:09:13+00:00\",\"breadcrumb\":{\"@id\":\"https:\/\/redinamicamx.com\/es\/confidencialidad\/#breadcrumb\"},\"inLanguage\":\"es\",\"potentialAction\":[{\"@type\":\"ReadAction\",\"target\":[\"https:\/\/redinamicamx.com\/es\/confidencialidad\/\"]}]},{\"@type\":\"BreadcrumbList\",\"@id\":\"https:\/\/redinamicamx.com\/es\/confidencialidad\/#breadcrumb\",\"itemListElement\":[{\"@type\":\"ListItem\",\"position\":1,\"name\":\"Accueil\",\"item\":\"https:\/\/redinamicamx.com\/es\/\"},{\"@type\":\"ListItem\",\"position\":2,\"name\":\"Confidencialidad\"}]},{\"@type\":\"WebSite\",\"@id\":\"https:\/\/redinamicamx.com\/es\/#website\",\"url\":\"https:\/\/redinamicamx.com\/es\/\",\"name\":\"redinamicamx.com\",\"description\":\"Protecci\u00f3n s\u00edsmica en la que puedes confiar.\",\"publisher\":{\"@id\":\"https:\/\/redinamicamx.com\/es\/#organization\"},\"potentialAction\":[{\"@type\":\"SearchAction\",\"target\":{\"@type\":\"EntryPoint\",\"urlTemplate\":\"https:\/\/redinamicamx.com\/es\/?s={search_term_string}\"},\"query-input\":{\"@type\":\"PropertyValueSpecification\",\"valueRequired\":true,\"valueName\":\"search_term_string\"}}],\"inLanguage\":\"es\"},{\"@type\":\"Organization\",\"@id\":\"https:\/\/redinamicamx.com\/es\/#organization\",\"name\":\"redinamicamx.com\",\"url\":\"https:\/\/redinamicamx.com\/es\/\",\"logo\":{\"@type\":\"ImageObject\",\"inLanguage\":\"es\",\"@id\":\"https:\/\/redinamicamx.com\/es\/#\/schema\/logo\/image\/\",\"url\":\"https:\/\/redinamicamx.com\/wp-content\/uploads\/2025\/04\/Design-sans-titre-1.png\",\"contentUrl\":\"https:\/\/redinamicamx.com\/wp-content\/uploads\/2025\/04\/Design-sans-titre-1.png\",\"caption\":\"redinamicamx.com\"},\"image\":{\"@id\":\"https:\/\/redinamicamx.com\/es\/#\/schema\/logo\/image\/\"}}]}<\/script>\n<!-- \/ Yoast SEO plugin. -->","yoast_head_json":{"title":"Confidencialidad - redinamicamx.com","robots":{"index":"index","follow":"follow","max-snippet":"max-snippet:-1","max-image-preview":"max-image-preview:large","max-video-preview":"max-video-preview:-1"},"canonical":"https:\/\/redinamicamx.com\/es\/confidencialidad\/","og_locale":"es_ES","og_type":"article","og_title":"Confidencialidad - redinamicamx.com","og_description":"Confidentiality Confidencialidad Back Home Definiciones El Editor: La persona f\u00edsica o jur\u00eddica que publica servicios de comunicaci\u00f3n p\u00fablica en l\u00ednea. El Sitio: Todos los sitios web, p\u00e1ginas de Internet y servicios en l\u00ednea ofrecidos por el Editor. El Usuario: La persona que utiliza el Sitio y los servicios. 1. Naturaleza de los datos recogidos En [&hellip;]","og_url":"https:\/\/redinamicamx.com\/es\/confidencialidad\/","og_site_name":"redinamicamx.com","article_modified_time":"2025-05-03T17:09:13+00:00","twitter_card":"summary_large_image","twitter_misc":{"Tiempo de lectura":"3 minuto"},"schema":{"@context":"https:\/\/schema.org","@graph":[{"@type":"WebPage","@id":"https:\/\/redinamicamx.com\/es\/confidencialidad\/","url":"https:\/\/redinamicamx.com\/es\/confidencialidad\/","name":"Confidencialidad - redinamicamx.com","isPartOf":{"@id":"https:\/\/redinamicamx.com\/es\/#website"},"datePublished":"2025-04-30T13:41:46+00:00","dateModified":"2025-05-03T17:09:13+00:00","breadcrumb":{"@id":"https:\/\/redinamicamx.com\/es\/confidencialidad\/#breadcrumb"},"inLanguage":"es","potentialAction":[{"@type":"ReadAction","target":["https:\/\/redinamicamx.com\/es\/confidencialidad\/"]}]},{"@type":"BreadcrumbList","@id":"https:\/\/redinamicamx.com\/es\/confidencialidad\/#breadcrumb","itemListElement":[{"@type":"ListItem","position":1,"name":"Accueil","item":"https:\/\/redinamicamx.com\/es\/"},{"@type":"ListItem","position":2,"name":"Confidencialidad"}]},{"@type":"WebSite","@id":"https:\/\/redinamicamx.com\/es\/#website","url":"https:\/\/redinamicamx.com\/es\/","name":"redinamicamx.com","description":"Protecci\u00f3n s\u00edsmica en la que puedes confiar.","publisher":{"@id":"https:\/\/redinamicamx.com\/es\/#organization"},"potentialAction":[{"@type":"SearchAction","target":{"@type":"EntryPoint","urlTemplate":"https:\/\/redinamicamx.com\/es\/?s={search_term_string}"},"query-input":{"@type":"PropertyValueSpecification","valueRequired":true,"valueName":"search_term_string"}}],"inLanguage":"es"},{"@type":"Organization","@id":"https:\/\/redinamicamx.com\/es\/#organization","name":"redinamicamx.com","url":"https:\/\/redinamicamx.com\/es\/","logo":{"@type":"ImageObject","inLanguage":"es","@id":"https:\/\/redinamicamx.com\/es\/#\/schema\/logo\/image\/","url":"https:\/\/redinamicamx.com\/wp-content\/uploads\/2025\/04\/Design-sans-titre-1.png","contentUrl":"https:\/\/redinamicamx.com\/wp-content\/uploads\/2025\/04\/Design-sans-titre-1.png","caption":"redinamicamx.com"},"image":{"@id":"https:\/\/redinamicamx.com\/es\/#\/schema\/logo\/image\/"}}]}},"_links":{"self":[{"href":"https:\/\/redinamicamx.com\/es\/wp-json\/wp\/v2\/pages\/430","targetHints":{"allow":["GET"]}}],"collection":[{"href":"https:\/\/redinamicamx.com\/es\/wp-json\/wp\/v2\/pages"}],"about":[{"href":"https:\/\/redinamicamx.com\/es\/wp-json\/wp\/v2\/types\/page"}],"author":[{"embeddable":true,"href":"https:\/\/redinamicamx.com\/es\/wp-json\/wp\/v2\/users\/1"}],"replies":[{"embeddable":true,"href":"https:\/\/redinamicamx.com\/es\/wp-json\/wp\/v2\/comments?post=430"}],"version-history":[{"count":1,"href":"https:\/\/redinamicamx.com\/es\/wp-json\/wp\/v2\/pages\/430\/revisions"}],"predecessor-version":[{"id":432,"href":"https:\/\/redinamicamx.com\/es\/wp-json\/wp\/v2\/pages\/430\/revisions\/432"}],"wp:attachment":[{"href":"https:\/\/redinamicamx.com\/es\/wp-json\/wp\/v2\/media?parent=430"}],"curies":[{"name":"wp","href":"https:\/\/api.w.org\/{rel}","templated":true}]}}