{"id":424,"date":"2025-04-30T13:41:13","date_gmt":"2025-04-30T13:41:13","guid":{"rendered":"https:\/\/redinamicamx.com\/politica-de-venta\/"},"modified":"2025-05-03T17:09:13","modified_gmt":"2025-05-03T17:09:13","slug":"politica-de-venta","status":"publish","type":"page","link":"https:\/\/redinamicamx.com\/es\/politica-de-venta\/","title":{"rendered":"Pol\u00edtica de venta"},"content":{"rendered":"<style>.elementor-424 .elementor-element.elementor-element-b8d3a3b{--display:flex;--flex-direction:column;--container-widget-width:100%;--container-widget-height:initial;--container-widget-flex-grow:0;--container-widget-align-self:initial;--flex-wrap-mobile:wrap;--overlay-opacity:1;--margin-top:0px;--margin-bottom:0px;--margin-left:0px;--margin-right:0px;--padding-top:0px;--padding-bottom:0px;--padding-left:0px;--padding-right:0px;}.elementor-424 .elementor-element.elementor-element-b8d3a3b:not(.elementor-motion-effects-element-type-background), .elementor-424 .elementor-element.elementor-element-b8d3a3b > .elementor-motion-effects-container > .elementor-motion-effects-layer{background-image:url(\"https:\/\/redinamicamx.com\/wp-content\/uploads\/2025\/05\/aerial-view-of-an-open-pit-of-iron-ore-resource-m-2025-01-08-12-53-01-utc.jpg\");background-position:center center;background-size:cover;}.elementor-424 .elementor-element.elementor-element-b8d3a3b::before, .elementor-424 .elementor-element.elementor-element-b8d3a3b > .elementor-background-video-container::before, .elementor-424 .elementor-element.elementor-element-b8d3a3b > .e-con-inner > .elementor-background-video-container::before, .elementor-424 .elementor-element.elementor-element-b8d3a3b > .elementor-background-slideshow::before, .elementor-424 .elementor-element.elementor-element-b8d3a3b > .e-con-inner > .elementor-background-slideshow::before, .elementor-424 .elementor-element.elementor-element-b8d3a3b > .elementor-motion-effects-container > .elementor-motion-effects-layer::before{background-color:transparent;--background-overlay:'';background-image:linear-gradient(180deg, var( --e-global-color-primary ) 18%, var( --e-global-color-ab6594a ) 100%);}.elementor-424 .elementor-element.elementor-element-fd1726b{--display:flex;--align-items:center;--container-widget-width:calc( ( 1 - var( --container-widget-flex-grow ) ) * 100% );--overlay-opacity:0.8;--margin-top:0px;--margin-bottom:0px;--margin-left:0px;--margin-right:0px;--padding-top:80px;--padding-bottom:120px;--padding-left:0px;--padding-right:0px;}.elementor-424 .elementor-element.elementor-element-fd1726b::before, .elementor-424 .elementor-element.elementor-element-fd1726b > .elementor-background-video-container::before, .elementor-424 .elementor-element.elementor-element-fd1726b > .e-con-inner > .elementor-background-video-container::before, .elementor-424 .elementor-element.elementor-element-fd1726b > .elementor-background-slideshow::before, .elementor-424 .elementor-element.elementor-element-fd1726b > .e-con-inner > .elementor-background-slideshow::before, .elementor-424 .elementor-element.elementor-element-fd1726b > .elementor-motion-effects-container > .elementor-motion-effects-layer::before{background-color:var( --e-global-color-primary );--background-overlay:'';}.elementor-424 .elementor-element.elementor-element-167f60a .elementskit-section-title-wraper .elementskit-section-title.text_fill > span{background-color:transparent;background-image:linear-gradient(180deg, #FFFFFFAD 0%, var( --e-global-color-8428b2c ) 100%);}.elementor-424 .elementor-element.elementor-element-167f60a > .elementor-widget-container{margin:0px 0px 0px 0px;padding:0px 0px 0px 0px;}.elementor-424 .elementor-element.elementor-element-167f60a .elementskit-section-title-wraper .elementskit-section-title{font-family:var( --e-global-typography-bbb74de-font-family ), Sans-serif;font-size:var( --e-global-typography-bbb74de-font-size );font-weight:var( --e-global-typography-bbb74de-font-weight );line-height:var( --e-global-typography-bbb74de-line-height );letter-spacing:var( --e-global-typography-bbb74de-letter-spacing );word-spacing:var( --e-global-typography-bbb74de-word-spacing );}.elementor-424 .elementor-element.elementor-element-167f60a .elementskit-section-title-wraper .elementskit-section-title span:last-child, .elementor-424 .elementor-element.elementor-element-167f60a .elementskit-section-title-wraper .elementskit-section-title > span{font-size:94px;font-weight:100;line-height:100px;}.elementor-424 .elementor-element.elementor-element-bafb1ea{--display:flex;--flex-direction:row;--container-widget-width:calc( ( 1 - var( --container-widget-flex-grow ) ) * 100% );--container-widget-height:100%;--container-widget-flex-grow:1;--container-widget-align-self:stretch;--flex-wrap-mobile:wrap;--justify-content:center;--align-items:center;--gap:15px 15px;--row-gap:15px;--column-gap:15px;--border-radius:99px 99px 99px 99px;--margin-top:-39px;--margin-bottom:0px;--margin-left:0px;--margin-right:0px;--padding-top:13px;--padding-bottom:13px;--padding-left:13px;--padding-right:13px;}.elementor-424 .elementor-element.elementor-element-503d3bf .elementor-heading-title{font-family:var( --e-global-typography-ed20474-font-family ), Sans-serif;font-size:var( --e-global-typography-ed20474-font-size );font-weight:var( --e-global-typography-ed20474-font-weight );line-height:var( --e-global-typography-ed20474-line-height );letter-spacing:var( --e-global-typography-ed20474-letter-spacing );word-spacing:var( --e-global-typography-ed20474-word-spacing );}.elementor-424 .elementor-element.elementor-element-a750029 .jeg-elementor-kit.jkit-button .jkit-button-wrapper{background-color:var( --e-global-color-ab6594a );padding:0px 0px 0px 0px;font-family:\"Roboto\", Sans-serif;font-size:1.1em;font-weight:300;text-decoration:none;color:var( --e-global-color-10478e6 );}.elementor-424 .elementor-element.elementor-element-a750029 > .elementor-widget-container{margin:0px 0px 0px 0px;}.elementor-424 .elementor-element.elementor-element-a750029 .jeg-elementor-kit.jkit-button{text-align:center;}.elementor-424 .elementor-element.elementor-element-a750029 .jeg-elementor-kit.jkit-button .jkit-button-wrapper svg{fill:var( --e-global-color-10478e6 );}.elementor-424 .elementor-element.elementor-element-a750029 .jeg-elementor-kit.jkit-button .jkit-button-wrapper:hover{color:var( --e-global-color-text );}.elementor-424 .elementor-element.elementor-element-a750029 .jeg-elementor-kit.jkit-button .jkit-button-wrapper:hover svg{fill:var( --e-global-color-10478e6 );}.elementor-424 .elementor-element.elementor-element-a750029 .jeg-elementor-kit.jkit-button.icon-position-before .jkit-button-wrapper i, .elementor-424 .elementor-element.elementor-element-a750029 .jeg-elementor-kit.jkit-button.icon-position-before .jkit-button-wrapper svg{margin-right:13px;}.elementor-424 .elementor-element.elementor-element-a750029 .jeg-elementor-kit.jkit-button.icon-position-after .jkit-button-wrapper i, .elementor-424 .elementor-element.elementor-element-a750029 .jeg-elementor-kit.jkit-button.icon-position-after .jkit-button-wrapper svg{margin-left:13px;}.elementor-424 .elementor-element.elementor-element-a750029 .jeg-elementor-kit.jkit-button .jkit-button-wrapper:not(:hover) > i{color:var( --e-global-color-10478e6 );}.elementor-424 .elementor-element.elementor-element-a750029 .jeg-elementor-kit.jkit-button .jkit-button-wrapper:not(:hover) > svg{fill:var( --e-global-color-10478e6 );}.elementor-424 .elementor-element.elementor-element-a750029 .jeg-elementor-kit.jkit-button .jkit-button-wrapper:hover i{color:var( --e-global-color-10478e6 );}.elementor-424 .elementor-element.elementor-element-19e57c8{--display:flex;--flex-direction:column;--container-widget-width:100%;--container-widget-height:initial;--container-widget-flex-grow:0;--container-widget-align-self:initial;--flex-wrap-mobile:wrap;--padding-top:100px;--padding-bottom:100px;--padding-left:20px;--padding-right:20px;}:root{--page-title-display:none;}@media(max-width:1024px){.elementor-424 .elementor-element.elementor-element-fd1726b{--padding-top:130px;--padding-bottom:120px;--padding-left:30px;--padding-right:30px;}.elementor-424 .elementor-element.elementor-element-167f60a .elementskit-section-title-wraper .elementskit-section-title{font-size:var( --e-global-typography-bbb74de-font-size );line-height:var( --e-global-typography-bbb74de-line-height );letter-spacing:var( --e-global-typography-bbb74de-letter-spacing );word-spacing:var( --e-global-typography-bbb74de-word-spacing );}.elementor-424 .elementor-element.elementor-element-503d3bf > .elementor-widget-container{margin:3px 0px 0px 0px;}.elementor-424 .elementor-element.elementor-element-503d3bf .elementor-heading-title{font-size:var( --e-global-typography-ed20474-font-size );line-height:var( --e-global-typography-ed20474-line-height );letter-spacing:var( --e-global-typography-ed20474-letter-spacing );word-spacing:var( --e-global-typography-ed20474-word-spacing );}.elementor-424 .elementor-element.elementor-element-a750029 .jeg-elementor-kit.jkit-button .jkit-button-wrapper{font-size:0.9em;}}@media(max-width:767px){.elementor-424 .elementor-element.elementor-element-fd1726b{--padding-top:100px;--padding-bottom:100px;--padding-left:20px;--padding-right:20px;}.elementor-424 .elementor-element.elementor-element-167f60a .elementskit-section-title-wraper .elementskit-section-title{font-size:var( --e-global-typography-bbb74de-font-size );line-height:var( --e-global-typography-bbb74de-line-height );letter-spacing:var( --e-global-typography-bbb74de-letter-spacing );word-spacing:var( --e-global-typography-bbb74de-word-spacing );}.elementor-424 .elementor-element.elementor-element-167f60a .elementskit-section-title-wraper .elementskit-section-title span:last-child, .elementor-424 .elementor-element.elementor-element-167f60a .elementskit-section-title-wraper .elementskit-section-title > span{font-size:71px;}.elementor-424 .elementor-element.elementor-element-bafb1ea{--width:83%;--margin-top:-65px;--margin-bottom:0px;--margin-left:0px;--margin-right:0px;}.elementor-424 .elementor-element.elementor-element-503d3bf .elementor-heading-title{font-size:var( --e-global-typography-ed20474-font-size );line-height:var( --e-global-typography-ed20474-line-height );letter-spacing:var( --e-global-typography-ed20474-letter-spacing );word-spacing:var( --e-global-typography-ed20474-word-spacing );}.elementor-424 .elementor-element.elementor-element-a750029 .jeg-elementor-kit.jkit-button .jkit-button-wrapper{font-size:1em;}}@media(min-width:768px){.elementor-424 .elementor-element.elementor-element-bafb1ea{--width:22%;}}@media(max-width:1024px) and (min-width:768px){.elementor-424 .elementor-element.elementor-element-bafb1ea{--width:40%;}}<\/style>\t\t<div data-elementor-type=\"wp-page\" data-elementor-id=\"424\" class=\"elementor elementor-424 elementor-23\" data-elementor-post-type=\"page\">\n\t\t\t\t<div class=\"elementor-element elementor-element-b8d3a3b e-con-full e-flex e-con e-parent\" data-id=\"b8d3a3b\" data-element_type=\"container\" data-settings=\"{&quot;background_background&quot;:&quot;classic&quot;}\">\n\t\t<div class=\"elementor-element elementor-element-fd1726b e-flex e-con-boxed e-con e-child\" data-id=\"fd1726b\" data-element_type=\"container\" data-settings=\"{&quot;background_background&quot;:&quot;classic&quot;}\">\n\t\t\t\t\t<div class=\"e-con-inner\">\n\t\t\t\t<div class=\"elementor-element elementor-element-167f60a elementor-invisible elementor-widget elementor-widget-elementskit-heading\" data-id=\"167f60a\" data-element_type=\"widget\" data-settings=\"{&quot;_animation&quot;:&quot;fadeInUp&quot;}\" data-widget_type=\"elementskit-heading.default\">\n\t\t\t\t<div class=\"elementor-widget-container\">\n\t\t\t\t\t<div class=\"ekit-wid-con\" ><div class=\"ekit-heading elementskit-section-title-wraper text_center   ekit_heading_tablet-   ekit_heading_mobile-\"><h1 class=\"ekit-heading--title elementskit-section-title text_fill\"><span><span>Pol\u00edtica de ventas<\/span><\/span><\/h1><\/div><\/div>\t\t\t\t<\/div>\n\t\t\t\t<\/div>\n\t\t<div class=\"elementor-element elementor-element-bafb1ea e-con-full e-flex e-con e-child\" data-id=\"bafb1ea\" data-element_type=\"container\" data-settings=\"{&quot;background_background&quot;:&quot;classic&quot;}\">\n\t\t\t\t<div class=\"elementor-element elementor-element-503d3bf elementor-widget elementor-widget-heading\" data-id=\"503d3bf\" data-element_type=\"widget\" data-widget_type=\"heading.default\">\n\t\t\t\t<div class=\"elementor-widget-container\">\n\t\t\t\t\t<h6 class=\"elementor-heading-title elementor-size-default\">Pol\u00edtica de ventas<\/h6>\t\t\t\t<\/div>\n\t\t\t\t<\/div>\n\t\t\t\t<div class=\"elementor-element elementor-element-a750029 elementor-widget elementor-widget-jkit_button\" data-id=\"a750029\" data-element_type=\"widget\" data-widget_type=\"jkit_button.default\">\n\t\t\t\t<div class=\"elementor-widget-container\">\n\t\t\t\t\t<div  class=\"jeg-elementor-kit jkit-button  icon-position-before jeg_module___69e13b379d20d\" ><a href=\"https:\/\/redinamicamx.com\/es\/\" class=\"jkit-button-wrapper\"><svg viewBox=\"0 0 512 512\" xmlns=\"http:\/\/www.w3.org\/2000\/svg\"><path d=\"M256 8c137 0 248 111 248 248S393 504 256 504 8 393 8 256 119 8 256 8zm-28.9 143.6l75.5 72.4H120c-13.3 0-24 10.7-24 24v16c0 13.3 10.7 24 24 24h182.6l-75.5 72.4c-9.7 9.3-9.9 24.8-.4 34.3l11 10.9c9.4 9.4 24.6 9.4 33.9 0L404.3 273c9.4-9.4 9.4-24.6 0-33.9L271.6 106.3c-9.4-9.4-24.6-9.4-33.9 0l-11 10.9c-9.5 9.6-9.3 25.1.4 34.4z\"><\/path><\/svg>Back Home<\/a><\/div>\t\t\t\t<\/div>\n\t\t\t\t<\/div>\n\t\t\t\t<\/div>\n\t\t\t\t\t<\/div>\n\t\t\t\t<\/div>\n\t\t\t\t<\/div>\n\t\t<div class=\"elementor-element elementor-element-19e57c8 e-flex e-con-boxed e-con e-parent\" data-id=\"19e57c8\" data-element_type=\"container\">\n\t\t\t\t\t<div class=\"e-con-inner\">\n\t\t\t\t<div class=\"elementor-element elementor-element-c683e44 elementor-widget elementor-widget-text-editor\" data-id=\"c683e44\" data-element_type=\"widget\" data-widget_type=\"text-editor.default\">\n\t\t\t\t<div class=\"elementor-widget-container\">\n\t\t\t\t\t\t\t\t\t<h3 class=\"p1\">Env\u00edo y entrega:<\/h3><p class=\"p2\">M\u00e9xico: Tiempo de env\u00edo: 5 d\u00edas h\u00e1biles dentro de la Rep\u00fablica Mexicana. Para recibir los productos de forma segura y eficaz, te ayudaremos a elegir el mejor m\u00e9todo de env\u00edo. Cotizamos con diferentes empresas de reparto y transportistas y empresas de carga, para que puedas elegir la mejor opci\u00f3n, o si lo deseas, puedes sugerirnos la empresa de transporte de tu preferencia.<\/p><p class=\"p2\"><strong>Am\u00e9rica Latina:<\/strong> Tiempo de env\u00edo: 15 d\u00edas laborables aproximadamente para Am\u00e9rica Latina. Trabajamos con las m\u00e1s importantes y prestigiosas compa\u00f1\u00edas mar\u00edtimas para que tus productos lleguen en buenas condiciones, o si lo deseas, puedes sugerirnos la compa\u00f1\u00eda de transporte de tu preferencia.<\/p><p class=\"p2\"><strong>Europa:<\/strong> Plazo de env\u00edo: 39 d\u00edas laborables aproximadamente para Europa. Trabajamos con las compa\u00f1\u00edas mar\u00edtimas m\u00e1s importantes y de mayor prestigio para que tus productos lleguen en buenas condiciones, o si lo deseas, puedes sugerirnos la compa\u00f1\u00eda de transporte de tu preferencia.<\/p><p class=\"p2\"><strong>Condiciones:<\/strong> El env\u00edo de los productos solicitados se realiza tras la confirmaci\u00f3n del pago y en funci\u00f3n de la cantidad de dispositivos (volumen de compra) y de las existencias en nuestro almac\u00e9n.<\/p><p class=\"p2\">Ponte en contacto con nosotros para informarte sobre la disponibilidad del producto y los plazos de entrega. Para cotizar la mejor opci\u00f3n de env\u00edo, registra correctamente tu direcci\u00f3n al realizar el pedido.<\/p><p class=\"p2\">Los gastos de env\u00edo corren a cargo del cliente. Una vez acreditado el pago, se env\u00eda el producto.<\/p><p> <\/p><h3 class=\"p1\">Compras en l\u00ednea, M\u00e9todos de pago:<\/h3><p class=\"p2\">Ingreso o transferencia bancaria: Tras realizar tu pedido e indicar la forma de pago, te enviaremos los datos para realizar la transacci\u00f3n. A continuaci\u00f3n, confirmaremos el estado del pago en nuestra cuenta bancaria.<\/p><p class=\"p2\"><strong>Para cualquier pregunta, ponte en contacto con nosotros.<\/strong><\/p><p class=\"p2\">Condiciones: Para las transacciones internacionales y nacionales, deposita el 70% del pago por adelantado al realizar el pedido; de este modo, se garantiza la fabricaci\u00f3n, y deposita el importe restante un d\u00eda antes del env\u00edo de los productos. O, si lo prefieres, puedes realizar el pago total en una sola exhibici\u00f3n, al hacer el pedido.<\/p>\t\t\t\t\t\t\t\t<\/div>\n\t\t\t\t<\/div>\n\t\t\t\t\t<\/div>\n\t\t\t\t<\/div>\n\t\t\t\t<\/div>\n\t\t","protected":false},"excerpt":{"rendered":"<p>Pol\u00edtica de ventas Pol\u00edtica de ventas Back Home Env\u00edo y entrega: M\u00e9xico: Tiempo de env\u00edo: 5 d\u00edas h\u00e1biles dentro de la Rep\u00fablica Mexicana. Para recibir los productos de forma segura y eficaz, te ayudaremos a elegir el mejor m\u00e9todo de env\u00edo. Cotizamos con diferentes empresas de reparto y transportistas y empresas de carga, para que [&hellip;]<\/p>\n","protected":false},"author":1,"featured_media":0,"parent":0,"menu_order":0,"comment_status":"closed","ping_status":"closed","template":"","meta":{"footnotes":""},"class_list":["post-424","page","type-page","status-publish","hentry"],"yoast_head":"<!-- This site is optimized with the Yoast SEO plugin v25.0 - https:\/\/yoast.com\/wordpress\/plugins\/seo\/ -->\n<title>Pol\u00edtica de venta - redinamicamx.com<\/title>\n<meta name=\"robots\" content=\"index, follow, max-snippet:-1, max-image-preview:large, max-video-preview:-1\" \/>\n<link rel=\"canonical\" href=\"https:\/\/redinamicamx.com\/es\/politica-de-venta\/\" \/>\n<meta property=\"og:locale\" content=\"es_ES\" \/>\n<meta property=\"og:type\" content=\"article\" \/>\n<meta property=\"og:title\" content=\"Pol\u00edtica de venta - redinamicamx.com\" \/>\n<meta property=\"og:description\" content=\"Pol\u00edtica de ventas Pol\u00edtica de ventas Back Home Env\u00edo y entrega: M\u00e9xico: Tiempo de env\u00edo: 5 d\u00edas h\u00e1biles dentro de la Rep\u00fablica Mexicana. Para recibir los productos de forma segura y eficaz, te ayudaremos a elegir el mejor m\u00e9todo de env\u00edo. Cotizamos con diferentes empresas de reparto y transportistas y empresas de carga, para que [&hellip;]\" \/>\n<meta property=\"og:url\" content=\"https:\/\/redinamicamx.com\/es\/politica-de-venta\/\" \/>\n<meta property=\"og:site_name\" content=\"redinamicamx.com\" \/>\n<meta property=\"article:modified_time\" content=\"2025-05-03T17:09:13+00:00\" \/>\n<meta name=\"twitter:card\" content=\"summary_large_image\" \/>\n<meta name=\"twitter:label1\" content=\"Tiempo de lectura\" \/>\n\t<meta name=\"twitter:data1\" content=\"2 minuto\" \/>\n<script type=\"application\/ld+json\" class=\"yoast-schema-graph\">{\"@context\":\"https:\/\/schema.org\",\"@graph\":[{\"@type\":\"WebPage\",\"@id\":\"https:\/\/redinamicamx.com\/es\/politica-de-venta\/\",\"url\":\"https:\/\/redinamicamx.com\/es\/politica-de-venta\/\",\"name\":\"Pol\u00edtica de venta - redinamicamx.com\",\"isPartOf\":{\"@id\":\"https:\/\/redinamicamx.com\/es\/#website\"},\"datePublished\":\"2025-04-30T13:41:13+00:00\",\"dateModified\":\"2025-05-03T17:09:13+00:00\",\"breadcrumb\":{\"@id\":\"https:\/\/redinamicamx.com\/es\/politica-de-venta\/#breadcrumb\"},\"inLanguage\":\"es\",\"potentialAction\":[{\"@type\":\"ReadAction\",\"target\":[\"https:\/\/redinamicamx.com\/es\/politica-de-venta\/\"]}]},{\"@type\":\"BreadcrumbList\",\"@id\":\"https:\/\/redinamicamx.com\/es\/politica-de-venta\/#breadcrumb\",\"itemListElement\":[{\"@type\":\"ListItem\",\"position\":1,\"name\":\"Accueil\",\"item\":\"https:\/\/redinamicamx.com\/es\/\"},{\"@type\":\"ListItem\",\"position\":2,\"name\":\"Pol\u00edtica de venta\"}]},{\"@type\":\"WebSite\",\"@id\":\"https:\/\/redinamicamx.com\/es\/#website\",\"url\":\"https:\/\/redinamicamx.com\/es\/\",\"name\":\"redinamicamx.com\",\"description\":\"Protecci\u00f3n s\u00edsmica en la que puedes confiar.\",\"publisher\":{\"@id\":\"https:\/\/redinamicamx.com\/es\/#organization\"},\"potentialAction\":[{\"@type\":\"SearchAction\",\"target\":{\"@type\":\"EntryPoint\",\"urlTemplate\":\"https:\/\/redinamicamx.com\/es\/?s={search_term_string}\"},\"query-input\":{\"@type\":\"PropertyValueSpecification\",\"valueRequired\":true,\"valueName\":\"search_term_string\"}}],\"inLanguage\":\"es\"},{\"@type\":\"Organization\",\"@id\":\"https:\/\/redinamicamx.com\/es\/#organization\",\"name\":\"redinamicamx.com\",\"url\":\"https:\/\/redinamicamx.com\/es\/\",\"logo\":{\"@type\":\"ImageObject\",\"inLanguage\":\"es\",\"@id\":\"https:\/\/redinamicamx.com\/es\/#\/schema\/logo\/image\/\",\"url\":\"https:\/\/redinamicamx.com\/wp-content\/uploads\/2025\/04\/Design-sans-titre-1.png\",\"contentUrl\":\"https:\/\/redinamicamx.com\/wp-content\/uploads\/2025\/04\/Design-sans-titre-1.png\",\"caption\":\"redinamicamx.com\"},\"image\":{\"@id\":\"https:\/\/redinamicamx.com\/es\/#\/schema\/logo\/image\/\"}}]}<\/script>\n<!-- \/ Yoast SEO plugin. -->","yoast_head_json":{"title":"Pol\u00edtica de venta - redinamicamx.com","robots":{"index":"index","follow":"follow","max-snippet":"max-snippet:-1","max-image-preview":"max-image-preview:large","max-video-preview":"max-video-preview:-1"},"canonical":"https:\/\/redinamicamx.com\/es\/politica-de-venta\/","og_locale":"es_ES","og_type":"article","og_title":"Pol\u00edtica de venta - redinamicamx.com","og_description":"Pol\u00edtica de ventas Pol\u00edtica de ventas Back Home Env\u00edo y entrega: M\u00e9xico: Tiempo de env\u00edo: 5 d\u00edas h\u00e1biles dentro de la Rep\u00fablica Mexicana. Para recibir los productos de forma segura y eficaz, te ayudaremos a elegir el mejor m\u00e9todo de env\u00edo. Cotizamos con diferentes empresas de reparto y transportistas y empresas de carga, para que [&hellip;]","og_url":"https:\/\/redinamicamx.com\/es\/politica-de-venta\/","og_site_name":"redinamicamx.com","article_modified_time":"2025-05-03T17:09:13+00:00","twitter_card":"summary_large_image","twitter_misc":{"Tiempo de lectura":"2 minuto"},"schema":{"@context":"https:\/\/schema.org","@graph":[{"@type":"WebPage","@id":"https:\/\/redinamicamx.com\/es\/politica-de-venta\/","url":"https:\/\/redinamicamx.com\/es\/politica-de-venta\/","name":"Pol\u00edtica de venta - redinamicamx.com","isPartOf":{"@id":"https:\/\/redinamicamx.com\/es\/#website"},"datePublished":"2025-04-30T13:41:13+00:00","dateModified":"2025-05-03T17:09:13+00:00","breadcrumb":{"@id":"https:\/\/redinamicamx.com\/es\/politica-de-venta\/#breadcrumb"},"inLanguage":"es","potentialAction":[{"@type":"ReadAction","target":["https:\/\/redinamicamx.com\/es\/politica-de-venta\/"]}]},{"@type":"BreadcrumbList","@id":"https:\/\/redinamicamx.com\/es\/politica-de-venta\/#breadcrumb","itemListElement":[{"@type":"ListItem","position":1,"name":"Accueil","item":"https:\/\/redinamicamx.com\/es\/"},{"@type":"ListItem","position":2,"name":"Pol\u00edtica de venta"}]},{"@type":"WebSite","@id":"https:\/\/redinamicamx.com\/es\/#website","url":"https:\/\/redinamicamx.com\/es\/","name":"redinamicamx.com","description":"Protecci\u00f3n s\u00edsmica en la que puedes confiar.","publisher":{"@id":"https:\/\/redinamicamx.com\/es\/#organization"},"potentialAction":[{"@type":"SearchAction","target":{"@type":"EntryPoint","urlTemplate":"https:\/\/redinamicamx.com\/es\/?s={search_term_string}"},"query-input":{"@type":"PropertyValueSpecification","valueRequired":true,"valueName":"search_term_string"}}],"inLanguage":"es"},{"@type":"Organization","@id":"https:\/\/redinamicamx.com\/es\/#organization","name":"redinamicamx.com","url":"https:\/\/redinamicamx.com\/es\/","logo":{"@type":"ImageObject","inLanguage":"es","@id":"https:\/\/redinamicamx.com\/es\/#\/schema\/logo\/image\/","url":"https:\/\/redinamicamx.com\/wp-content\/uploads\/2025\/04\/Design-sans-titre-1.png","contentUrl":"https:\/\/redinamicamx.com\/wp-content\/uploads\/2025\/04\/Design-sans-titre-1.png","caption":"redinamicamx.com"},"image":{"@id":"https:\/\/redinamicamx.com\/es\/#\/schema\/logo\/image\/"}}]}},"_links":{"self":[{"href":"https:\/\/redinamicamx.com\/es\/wp-json\/wp\/v2\/pages\/424","targetHints":{"allow":["GET"]}}],"collection":[{"href":"https:\/\/redinamicamx.com\/es\/wp-json\/wp\/v2\/pages"}],"about":[{"href":"https:\/\/redinamicamx.com\/es\/wp-json\/wp\/v2\/types\/page"}],"author":[{"embeddable":true,"href":"https:\/\/redinamicamx.com\/es\/wp-json\/wp\/v2\/users\/1"}],"replies":[{"embeddable":true,"href":"https:\/\/redinamicamx.com\/es\/wp-json\/wp\/v2\/comments?post=424"}],"version-history":[{"count":1,"href":"https:\/\/redinamicamx.com\/es\/wp-json\/wp\/v2\/pages\/424\/revisions"}],"predecessor-version":[{"id":427,"href":"https:\/\/redinamicamx.com\/es\/wp-json\/wp\/v2\/pages\/424\/revisions\/427"}],"wp:attachment":[{"href":"https:\/\/redinamicamx.com\/es\/wp-json\/wp\/v2\/media?parent=424"}],"curies":[{"name":"wp","href":"https:\/\/api.w.org\/{rel}","templated":true}]}}