{"id":417,"date":"2025-04-30T13:41:29","date_gmt":"2025-04-30T13:41:29","guid":{"rendered":"https:\/\/redinamicamx.com\/condiciones-de-garantia\/"},"modified":"2025-05-03T17:09:12","modified_gmt":"2025-05-03T17:09:12","slug":"condiciones-de-garantia","status":"publish","type":"page","link":"https:\/\/redinamicamx.com\/es\/condiciones-de-garantia\/","title":{"rendered":"Condiciones de garant\u00eda"},"content":{"rendered":"<style>.elementor-417 .elementor-element.elementor-element-45fcf43{--display:flex;--flex-direction:column;--container-widget-width:100%;--container-widget-height:initial;--container-widget-flex-grow:0;--container-widget-align-self:initial;--flex-wrap-mobile:wrap;--overlay-opacity:1;--margin-top:0px;--margin-bottom:0px;--margin-left:0px;--margin-right:0px;--padding-top:0px;--padding-bottom:0px;--padding-left:0px;--padding-right:0px;}.elementor-417 .elementor-element.elementor-element-45fcf43:not(.elementor-motion-effects-element-type-background), .elementor-417 .elementor-element.elementor-element-45fcf43 > .elementor-motion-effects-container > .elementor-motion-effects-layer{background-image:url(\"https:\/\/redinamicamx.com\/wp-content\/uploads\/2025\/05\/aerial-view-of-an-open-pit-of-iron-ore-resource-m-2025-01-08-12-53-01-utc.jpg\");background-position:center center;background-size:cover;}.elementor-417 .elementor-element.elementor-element-45fcf43::before, .elementor-417 .elementor-element.elementor-element-45fcf43 > .elementor-background-video-container::before, .elementor-417 .elementor-element.elementor-element-45fcf43 > .e-con-inner > .elementor-background-video-container::before, .elementor-417 .elementor-element.elementor-element-45fcf43 > .elementor-background-slideshow::before, .elementor-417 .elementor-element.elementor-element-45fcf43 > .e-con-inner > .elementor-background-slideshow::before, .elementor-417 .elementor-element.elementor-element-45fcf43 > .elementor-motion-effects-container > .elementor-motion-effects-layer::before{background-color:transparent;--background-overlay:'';background-image:linear-gradient(180deg, var( --e-global-color-primary ) 18%, var( --e-global-color-ab6594a ) 100%);}.elementor-417 .elementor-element.elementor-element-31ce06c{--display:flex;--align-items:center;--container-widget-width:calc( ( 1 - var( --container-widget-flex-grow ) ) * 100% );--overlay-opacity:0.8;--margin-top:0px;--margin-bottom:0px;--margin-left:0px;--margin-right:0px;--padding-top:80px;--padding-bottom:120px;--padding-left:0px;--padding-right:0px;}.elementor-417 .elementor-element.elementor-element-31ce06c::before, .elementor-417 .elementor-element.elementor-element-31ce06c > .elementor-background-video-container::before, .elementor-417 .elementor-element.elementor-element-31ce06c > .e-con-inner > .elementor-background-video-container::before, .elementor-417 .elementor-element.elementor-element-31ce06c > .elementor-background-slideshow::before, .elementor-417 .elementor-element.elementor-element-31ce06c > .e-con-inner > .elementor-background-slideshow::before, .elementor-417 .elementor-element.elementor-element-31ce06c > .elementor-motion-effects-container > .elementor-motion-effects-layer::before{background-color:var( --e-global-color-primary );--background-overlay:'';}.elementor-417 .elementor-element.elementor-element-4d7e3a7 .elementskit-section-title-wraper .elementskit-section-title.text_fill > span{background-color:transparent;background-image:linear-gradient(180deg, #FFFFFFAD 0%, var( --e-global-color-8428b2c ) 100%);}.elementor-417 .elementor-element.elementor-element-4d7e3a7 > .elementor-widget-container{margin:0px 0px 0px 0px;padding:0px 0px 0px 0px;}.elementor-417 .elementor-element.elementor-element-4d7e3a7 .elementskit-section-title-wraper .elementskit-section-title{font-family:var( --e-global-typography-bbb74de-font-family ), Sans-serif;font-size:var( --e-global-typography-bbb74de-font-size );font-weight:var( --e-global-typography-bbb74de-font-weight );line-height:var( --e-global-typography-bbb74de-line-height );letter-spacing:var( --e-global-typography-bbb74de-letter-spacing );word-spacing:var( --e-global-typography-bbb74de-word-spacing );}.elementor-417 .elementor-element.elementor-element-4d7e3a7 .elementskit-section-title-wraper .elementskit-section-title span:last-child, .elementor-417 .elementor-element.elementor-element-4d7e3a7 .elementskit-section-title-wraper .elementskit-section-title > span{font-size:94px;font-weight:100;line-height:100px;}.elementor-417 .elementor-element.elementor-element-99df07c{--display:flex;--flex-direction:row;--container-widget-width:calc( ( 1 - var( --container-widget-flex-grow ) ) * 100% );--container-widget-height:100%;--container-widget-flex-grow:1;--container-widget-align-self:stretch;--flex-wrap-mobile:wrap;--justify-content:center;--align-items:center;--gap:15px 15px;--row-gap:15px;--column-gap:15px;--border-radius:99px 99px 99px 99px;--margin-top:-39px;--margin-bottom:0px;--margin-left:0px;--margin-right:0px;--padding-top:13px;--padding-bottom:13px;--padding-left:13px;--padding-right:13px;}.elementor-417 .elementor-element.elementor-element-49feb33 .elementor-heading-title{font-family:var( --e-global-typography-ed20474-font-family ), Sans-serif;font-size:var( --e-global-typography-ed20474-font-size );font-weight:var( --e-global-typography-ed20474-font-weight );line-height:var( --e-global-typography-ed20474-line-height );letter-spacing:var( --e-global-typography-ed20474-letter-spacing );word-spacing:var( --e-global-typography-ed20474-word-spacing );}.elementor-417 .elementor-element.elementor-element-219157e .jeg-elementor-kit.jkit-button .jkit-button-wrapper{background-color:var( --e-global-color-ab6594a );padding:0px 0px 0px 0px;font-family:\"Roboto\", Sans-serif;font-size:1.1em;font-weight:300;text-decoration:none;color:var( --e-global-color-10478e6 );}.elementor-417 .elementor-element.elementor-element-219157e > .elementor-widget-container{margin:0px 0px 0px 0px;}.elementor-417 .elementor-element.elementor-element-219157e .jeg-elementor-kit.jkit-button{text-align:center;}.elementor-417 .elementor-element.elementor-element-219157e .jeg-elementor-kit.jkit-button .jkit-button-wrapper svg{fill:var( --e-global-color-10478e6 );}.elementor-417 .elementor-element.elementor-element-219157e .jeg-elementor-kit.jkit-button .jkit-button-wrapper:hover{color:var( --e-global-color-text );}.elementor-417 .elementor-element.elementor-element-219157e .jeg-elementor-kit.jkit-button .jkit-button-wrapper:hover svg{fill:var( --e-global-color-10478e6 );}.elementor-417 .elementor-element.elementor-element-219157e .jeg-elementor-kit.jkit-button.icon-position-before .jkit-button-wrapper i, .elementor-417 .elementor-element.elementor-element-219157e .jeg-elementor-kit.jkit-button.icon-position-before .jkit-button-wrapper svg{margin-right:13px;}.elementor-417 .elementor-element.elementor-element-219157e .jeg-elementor-kit.jkit-button.icon-position-after .jkit-button-wrapper i, .elementor-417 .elementor-element.elementor-element-219157e .jeg-elementor-kit.jkit-button.icon-position-after .jkit-button-wrapper svg{margin-left:13px;}.elementor-417 .elementor-element.elementor-element-219157e .jeg-elementor-kit.jkit-button .jkit-button-wrapper:not(:hover) > i{color:var( --e-global-color-10478e6 );}.elementor-417 .elementor-element.elementor-element-219157e .jeg-elementor-kit.jkit-button .jkit-button-wrapper:not(:hover) > svg{fill:var( --e-global-color-10478e6 );}.elementor-417 .elementor-element.elementor-element-219157e .jeg-elementor-kit.jkit-button .jkit-button-wrapper:hover i{color:var( --e-global-color-10478e6 );}.elementor-417 .elementor-element.elementor-element-a3718fa{--display:flex;--flex-direction:column;--container-widget-width:100%;--container-widget-height:initial;--container-widget-flex-grow:0;--container-widget-align-self:initial;--flex-wrap-mobile:wrap;--padding-top:100px;--padding-bottom:100px;--padding-left:20px;--padding-right:20px;}:root{--page-title-display:none;}@media(max-width:1024px){.elementor-417 .elementor-element.elementor-element-31ce06c{--padding-top:130px;--padding-bottom:120px;--padding-left:30px;--padding-right:30px;}.elementor-417 .elementor-element.elementor-element-4d7e3a7 .elementskit-section-title-wraper .elementskit-section-title{font-size:var( --e-global-typography-bbb74de-font-size );line-height:var( --e-global-typography-bbb74de-line-height );letter-spacing:var( --e-global-typography-bbb74de-letter-spacing );word-spacing:var( --e-global-typography-bbb74de-word-spacing );}.elementor-417 .elementor-element.elementor-element-49feb33 > .elementor-widget-container{margin:3px 0px 0px 0px;}.elementor-417 .elementor-element.elementor-element-49feb33 .elementor-heading-title{font-size:var( --e-global-typography-ed20474-font-size );line-height:var( --e-global-typography-ed20474-line-height );letter-spacing:var( --e-global-typography-ed20474-letter-spacing );word-spacing:var( --e-global-typography-ed20474-word-spacing );}.elementor-417 .elementor-element.elementor-element-219157e .jeg-elementor-kit.jkit-button .jkit-button-wrapper{font-size:0.9em;}}@media(max-width:767px){.elementor-417 .elementor-element.elementor-element-31ce06c{--padding-top:100px;--padding-bottom:100px;--padding-left:20px;--padding-right:20px;}.elementor-417 .elementor-element.elementor-element-4d7e3a7 .elementskit-section-title-wraper .elementskit-section-title{font-size:var( --e-global-typography-bbb74de-font-size );line-height:var( --e-global-typography-bbb74de-line-height );letter-spacing:var( --e-global-typography-bbb74de-letter-spacing );word-spacing:var( --e-global-typography-bbb74de-word-spacing );}.elementor-417 .elementor-element.elementor-element-4d7e3a7 .elementskit-section-title-wraper .elementskit-section-title span:last-child, .elementor-417 .elementor-element.elementor-element-4d7e3a7 .elementskit-section-title-wraper .elementskit-section-title > span{font-size:39px;}.elementor-417 .elementor-element.elementor-element-99df07c{--width:94%;--margin-top:-65px;--margin-bottom:0px;--margin-left:0px;--margin-right:0px;}.elementor-417 .elementor-element.elementor-element-49feb33 .elementor-heading-title{font-size:var( --e-global-typography-ed20474-font-size );line-height:var( --e-global-typography-ed20474-line-height );letter-spacing:var( --e-global-typography-ed20474-letter-spacing );word-spacing:var( --e-global-typography-ed20474-word-spacing );}.elementor-417 .elementor-element.elementor-element-219157e .jeg-elementor-kit.jkit-button .jkit-button-wrapper{font-size:1em;}}@media(min-width:768px){.elementor-417 .elementor-element.elementor-element-99df07c{--width:32%;}}@media(max-width:1024px) and (min-width:768px){.elementor-417 .elementor-element.elementor-element-99df07c{--width:40%;}}<\/style>\t\t<div data-elementor-type=\"wp-page\" data-elementor-id=\"417\" class=\"elementor elementor-417 elementor-25\" data-elementor-post-type=\"page\">\n\t\t\t\t<div class=\"elementor-element elementor-element-45fcf43 e-con-full e-flex e-con e-parent\" data-id=\"45fcf43\" data-element_type=\"container\" data-settings=\"{&quot;background_background&quot;:&quot;classic&quot;}\">\n\t\t<div class=\"elementor-element elementor-element-31ce06c e-flex e-con-boxed e-con e-child\" data-id=\"31ce06c\" data-element_type=\"container\" data-settings=\"{&quot;background_background&quot;:&quot;classic&quot;}\">\n\t\t\t\t\t<div class=\"e-con-inner\">\n\t\t\t\t<div class=\"elementor-element elementor-element-4d7e3a7 elementor-invisible elementor-widget elementor-widget-elementskit-heading\" data-id=\"4d7e3a7\" data-element_type=\"widget\" data-settings=\"{&quot;_animation&quot;:&quot;fadeInUp&quot;}\" data-widget_type=\"elementskit-heading.default\">\n\t\t\t\t<div class=\"elementor-widget-container\">\n\t\t\t\t\t<div class=\"ekit-wid-con\" ><div class=\"ekit-heading elementskit-section-title-wraper text_center   ekit_heading_tablet-   ekit_heading_mobile-\"><h1 class=\"ekit-heading--title elementskit-section-title text_fill\"><span><span>Condiciones de la garant\u00eda<\/span><\/span><\/h1><\/div><\/div>\t\t\t\t<\/div>\n\t\t\t\t<\/div>\n\t\t<div class=\"elementor-element elementor-element-99df07c e-con-full e-flex e-con e-child\" data-id=\"99df07c\" data-element_type=\"container\" data-settings=\"{&quot;background_background&quot;:&quot;classic&quot;}\">\n\t\t\t\t<div class=\"elementor-element elementor-element-49feb33 elementor-widget elementor-widget-heading\" data-id=\"49feb33\" data-element_type=\"widget\" data-widget_type=\"heading.default\">\n\t\t\t\t<div class=\"elementor-widget-container\">\n\t\t\t\t\t<h6 class=\"elementor-heading-title elementor-size-default\">Condiciones de garant\u00eda<\/h6>\t\t\t\t<\/div>\n\t\t\t\t<\/div>\n\t\t\t\t<div class=\"elementor-element elementor-element-219157e elementor-widget elementor-widget-jkit_button\" data-id=\"219157e\" data-element_type=\"widget\" data-widget_type=\"jkit_button.default\">\n\t\t\t\t<div class=\"elementor-widget-container\">\n\t\t\t\t\t<div  class=\"jeg-elementor-kit jkit-button  icon-position-before jeg_module___69e13c3b9112b\" ><a href=\"https:\/\/redinamicamx.com\/es\/\" class=\"jkit-button-wrapper\"><svg viewBox=\"0 0 512 512\" xmlns=\"http:\/\/www.w3.org\/2000\/svg\"><path d=\"M256 8c137 0 248 111 248 248S393 504 256 504 8 393 8 256 119 8 256 8zm-28.9 143.6l75.5 72.4H120c-13.3 0-24 10.7-24 24v16c0 13.3 10.7 24 24 24h182.6l-75.5 72.4c-9.7 9.3-9.9 24.8-.4 34.3l11 10.9c9.4 9.4 24.6 9.4 33.9 0L404.3 273c9.4-9.4 9.4-24.6 0-33.9L271.6 106.3c-9.4-9.4-24.6-9.4-33.9 0l-11 10.9c-9.5 9.6-9.3 25.1.4 34.4z\"><\/path><\/svg>Back Home<\/a><\/div>\t\t\t\t<\/div>\n\t\t\t\t<\/div>\n\t\t\t\t<\/div>\n\t\t\t\t\t<\/div>\n\t\t\t\t<\/div>\n\t\t\t\t<\/div>\n\t\t<div class=\"elementor-element elementor-element-a3718fa e-flex e-con-boxed e-con e-parent\" data-id=\"a3718fa\" data-element_type=\"container\">\n\t\t\t\t\t<div class=\"e-con-inner\">\n\t\t\t\t<div class=\"elementor-element elementor-element-735dde7 elementor-widget elementor-widget-text-editor\" data-id=\"735dde7\" data-element_type=\"widget\" data-widget_type=\"text-editor.default\">\n\t\t\t\t<div class=\"elementor-widget-container\">\n\t\t\t\t\t\t\t\t\t<h3 class=\"p1\">Cl\u00e1usula A1: Condiciones de garant\u00eda<\/h3><p class=\"p2\">Para asegurar la Garant\u00eda de 50 a\u00f1os que ofrecen estos productos, deber\u00e1n cumplirse las siguientes condiciones de forma ilimitada:<\/p><p class=\"p2\">A 1-1: Toda implantaci\u00f3n del sistema de aislamiento s\u00edsmico debe cumplir los requisitos m\u00ednimos que se especifican a continuaci\u00f3n:<\/p><p class=\"p2\"><span class=\"s1\">1.<\/span> Se dejar\u00e1 una separaci\u00f3n de lindero com\u00fan de la finca no inferior a la estipulada por la norma vigente aplicable, m\u00e1s una distancia igual a la estimada referente al desplazamiento lateral m\u00e1ximo de la estructura con el sistema de aislamiento implantado.<\/p><p class=\"p2\"><span class=\"s1\">2.<\/span> Debe garantizarse una altura m\u00ednima de 90 cm entre el terreno y el comienzo de la superestructura (zona denominada estructura de transici\u00f3n) para el mantenimiento y\/o cambio de cualquier aislador.<\/p><p class=\"p2\">A 1-2: Respecto a las conexiones del aislador a los elementos estructurales:<\/p><p class=\"p2\">1._Debe garantizarse una conexi\u00f3n adecuadamente dise\u00f1ada para soportar las fuerzas de cizalladura, torsi\u00f3n y tracci\u00f3n, o una combinaci\u00f3n de todas ellas, que puedan desarrollarse en el elemento estructural.<\/p><p class=\"p2\">A 1-3: La Garant\u00eda cubre el cambio del dispositivo si surgen problemas de corrosi\u00f3n, desgaste, rotura, deformaci\u00f3n o desgarro del cuerpo del aislador o de las placas de acero que comprometan el correcto funcionamiento del dispositivo, y que se hayan producido antes del fen\u00f3meno s\u00edsmico. Esto manteniendo las condiciones de carga y servicio del inmueble tal y como se estipularon en el momento del dise\u00f1o de los aisladores.<\/p><p class=\"p2\">Una vez presentado el sismo de dise\u00f1o, se comprobar\u00e1 el aislador y el sistema de aislamiento para determinar si requiere alg\u00fan cambio. Este cambio no es absorbido por la Empresa.<\/p>\t\t\t\t\t\t\t\t<\/div>\n\t\t\t\t<\/div>\n\t\t\t\t\t<\/div>\n\t\t\t\t<\/div>\n\t\t\t\t<\/div>\n\t\t","protected":false},"excerpt":{"rendered":"<p>Condiciones de la garant\u00eda Condiciones de garant\u00eda Back Home Cl\u00e1usula A1: Condiciones de garant\u00eda Para asegurar la Garant\u00eda de 50 a\u00f1os que ofrecen estos productos, deber\u00e1n cumplirse las siguientes condiciones de forma ilimitada: A 1-1: Toda implantaci\u00f3n del sistema de aislamiento s\u00edsmico debe cumplir los requisitos m\u00ednimos que se especifican a continuaci\u00f3n: 1. Se dejar\u00e1 [&hellip;]<\/p>\n","protected":false},"author":1,"featured_media":0,"parent":0,"menu_order":0,"comment_status":"closed","ping_status":"closed","template":"","meta":{"footnotes":""},"class_list":["post-417","page","type-page","status-publish","hentry"],"yoast_head":"<!-- This site is optimized with the Yoast SEO plugin v25.0 - https:\/\/yoast.com\/wordpress\/plugins\/seo\/ -->\n<title>Condiciones de garant\u00eda - redinamicamx.com<\/title>\n<meta name=\"robots\" content=\"index, follow, max-snippet:-1, max-image-preview:large, max-video-preview:-1\" \/>\n<link rel=\"canonical\" href=\"https:\/\/redinamicamx.com\/es\/condiciones-de-garantia\/\" \/>\n<meta property=\"og:locale\" content=\"es_ES\" \/>\n<meta property=\"og:type\" content=\"article\" \/>\n<meta property=\"og:title\" content=\"Condiciones de garant\u00eda - redinamicamx.com\" \/>\n<meta property=\"og:description\" content=\"Condiciones de la garant\u00eda Condiciones de garant\u00eda Back Home Cl\u00e1usula A1: Condiciones de garant\u00eda Para asegurar la Garant\u00eda de 50 a\u00f1os que ofrecen estos productos, deber\u00e1n cumplirse las siguientes condiciones de forma ilimitada: A 1-1: Toda implantaci\u00f3n del sistema de aislamiento s\u00edsmico debe cumplir los requisitos m\u00ednimos que se especifican a continuaci\u00f3n: 1. Se dejar\u00e1 [&hellip;]\" \/>\n<meta property=\"og:url\" content=\"https:\/\/redinamicamx.com\/es\/condiciones-de-garantia\/\" \/>\n<meta property=\"og:site_name\" content=\"redinamicamx.com\" \/>\n<meta property=\"article:modified_time\" content=\"2025-05-03T17:09:12+00:00\" \/>\n<meta name=\"twitter:card\" content=\"summary_large_image\" \/>\n<meta name=\"twitter:label1\" content=\"Tiempo de lectura\" \/>\n\t<meta name=\"twitter:data1\" content=\"1 minuto\" \/>\n<script type=\"application\/ld+json\" class=\"yoast-schema-graph\">{\"@context\":\"https:\/\/schema.org\",\"@graph\":[{\"@type\":\"WebPage\",\"@id\":\"https:\/\/redinamicamx.com\/es\/condiciones-de-garantia\/\",\"url\":\"https:\/\/redinamicamx.com\/es\/condiciones-de-garantia\/\",\"name\":\"Condiciones de garant\u00eda - redinamicamx.com\",\"isPartOf\":{\"@id\":\"https:\/\/redinamicamx.com\/es\/#website\"},\"datePublished\":\"2025-04-30T13:41:29+00:00\",\"dateModified\":\"2025-05-03T17:09:12+00:00\",\"breadcrumb\":{\"@id\":\"https:\/\/redinamicamx.com\/es\/condiciones-de-garantia\/#breadcrumb\"},\"inLanguage\":\"es\",\"potentialAction\":[{\"@type\":\"ReadAction\",\"target\":[\"https:\/\/redinamicamx.com\/es\/condiciones-de-garantia\/\"]}]},{\"@type\":\"BreadcrumbList\",\"@id\":\"https:\/\/redinamicamx.com\/es\/condiciones-de-garantia\/#breadcrumb\",\"itemListElement\":[{\"@type\":\"ListItem\",\"position\":1,\"name\":\"Accueil\",\"item\":\"https:\/\/redinamicamx.com\/es\/\"},{\"@type\":\"ListItem\",\"position\":2,\"name\":\"Condiciones de garant\u00eda\"}]},{\"@type\":\"WebSite\",\"@id\":\"https:\/\/redinamicamx.com\/es\/#website\",\"url\":\"https:\/\/redinamicamx.com\/es\/\",\"name\":\"redinamicamx.com\",\"description\":\"Protecci\u00f3n s\u00edsmica en la que puedes confiar.\",\"publisher\":{\"@id\":\"https:\/\/redinamicamx.com\/es\/#organization\"},\"potentialAction\":[{\"@type\":\"SearchAction\",\"target\":{\"@type\":\"EntryPoint\",\"urlTemplate\":\"https:\/\/redinamicamx.com\/es\/?s={search_term_string}\"},\"query-input\":{\"@type\":\"PropertyValueSpecification\",\"valueRequired\":true,\"valueName\":\"search_term_string\"}}],\"inLanguage\":\"es\"},{\"@type\":\"Organization\",\"@id\":\"https:\/\/redinamicamx.com\/es\/#organization\",\"name\":\"redinamicamx.com\",\"url\":\"https:\/\/redinamicamx.com\/es\/\",\"logo\":{\"@type\":\"ImageObject\",\"inLanguage\":\"es\",\"@id\":\"https:\/\/redinamicamx.com\/es\/#\/schema\/logo\/image\/\",\"url\":\"https:\/\/redinamicamx.com\/wp-content\/uploads\/2025\/04\/Design-sans-titre-1.png\",\"contentUrl\":\"https:\/\/redinamicamx.com\/wp-content\/uploads\/2025\/04\/Design-sans-titre-1.png\",\"caption\":\"redinamicamx.com\"},\"image\":{\"@id\":\"https:\/\/redinamicamx.com\/es\/#\/schema\/logo\/image\/\"}}]}<\/script>\n<!-- \/ Yoast SEO plugin. -->","yoast_head_json":{"title":"Condiciones de garant\u00eda - redinamicamx.com","robots":{"index":"index","follow":"follow","max-snippet":"max-snippet:-1","max-image-preview":"max-image-preview:large","max-video-preview":"max-video-preview:-1"},"canonical":"https:\/\/redinamicamx.com\/es\/condiciones-de-garantia\/","og_locale":"es_ES","og_type":"article","og_title":"Condiciones de garant\u00eda - redinamicamx.com","og_description":"Condiciones de la garant\u00eda Condiciones de garant\u00eda Back Home Cl\u00e1usula A1: Condiciones de garant\u00eda Para asegurar la Garant\u00eda de 50 a\u00f1os que ofrecen estos productos, deber\u00e1n cumplirse las siguientes condiciones de forma ilimitada: A 1-1: Toda implantaci\u00f3n del sistema de aislamiento s\u00edsmico debe cumplir los requisitos m\u00ednimos que se especifican a continuaci\u00f3n: 1. Se dejar\u00e1 [&hellip;]","og_url":"https:\/\/redinamicamx.com\/es\/condiciones-de-garantia\/","og_site_name":"redinamicamx.com","article_modified_time":"2025-05-03T17:09:12+00:00","twitter_card":"summary_large_image","twitter_misc":{"Tiempo de lectura":"1 minuto"},"schema":{"@context":"https:\/\/schema.org","@graph":[{"@type":"WebPage","@id":"https:\/\/redinamicamx.com\/es\/condiciones-de-garantia\/","url":"https:\/\/redinamicamx.com\/es\/condiciones-de-garantia\/","name":"Condiciones de garant\u00eda - redinamicamx.com","isPartOf":{"@id":"https:\/\/redinamicamx.com\/es\/#website"},"datePublished":"2025-04-30T13:41:29+00:00","dateModified":"2025-05-03T17:09:12+00:00","breadcrumb":{"@id":"https:\/\/redinamicamx.com\/es\/condiciones-de-garantia\/#breadcrumb"},"inLanguage":"es","potentialAction":[{"@type":"ReadAction","target":["https:\/\/redinamicamx.com\/es\/condiciones-de-garantia\/"]}]},{"@type":"BreadcrumbList","@id":"https:\/\/redinamicamx.com\/es\/condiciones-de-garantia\/#breadcrumb","itemListElement":[{"@type":"ListItem","position":1,"name":"Accueil","item":"https:\/\/redinamicamx.com\/es\/"},{"@type":"ListItem","position":2,"name":"Condiciones de garant\u00eda"}]},{"@type":"WebSite","@id":"https:\/\/redinamicamx.com\/es\/#website","url":"https:\/\/redinamicamx.com\/es\/","name":"redinamicamx.com","description":"Protecci\u00f3n s\u00edsmica en la que puedes confiar.","publisher":{"@id":"https:\/\/redinamicamx.com\/es\/#organization"},"potentialAction":[{"@type":"SearchAction","target":{"@type":"EntryPoint","urlTemplate":"https:\/\/redinamicamx.com\/es\/?s={search_term_string}"},"query-input":{"@type":"PropertyValueSpecification","valueRequired":true,"valueName":"search_term_string"}}],"inLanguage":"es"},{"@type":"Organization","@id":"https:\/\/redinamicamx.com\/es\/#organization","name":"redinamicamx.com","url":"https:\/\/redinamicamx.com\/es\/","logo":{"@type":"ImageObject","inLanguage":"es","@id":"https:\/\/redinamicamx.com\/es\/#\/schema\/logo\/image\/","url":"https:\/\/redinamicamx.com\/wp-content\/uploads\/2025\/04\/Design-sans-titre-1.png","contentUrl":"https:\/\/redinamicamx.com\/wp-content\/uploads\/2025\/04\/Design-sans-titre-1.png","caption":"redinamicamx.com"},"image":{"@id":"https:\/\/redinamicamx.com\/es\/#\/schema\/logo\/image\/"}}]}},"_links":{"self":[{"href":"https:\/\/redinamicamx.com\/es\/wp-json\/wp\/v2\/pages\/417","targetHints":{"allow":["GET"]}}],"collection":[{"href":"https:\/\/redinamicamx.com\/es\/wp-json\/wp\/v2\/pages"}],"about":[{"href":"https:\/\/redinamicamx.com\/es\/wp-json\/wp\/v2\/types\/page"}],"author":[{"embeddable":true,"href":"https:\/\/redinamicamx.com\/es\/wp-json\/wp\/v2\/users\/1"}],"replies":[{"embeddable":true,"href":"https:\/\/redinamicamx.com\/es\/wp-json\/wp\/v2\/comments?post=417"}],"version-history":[{"count":1,"href":"https:\/\/redinamicamx.com\/es\/wp-json\/wp\/v2\/pages\/417\/revisions"}],"predecessor-version":[{"id":422,"href":"https:\/\/redinamicamx.com\/es\/wp-json\/wp\/v2\/pages\/417\/revisions\/422"}],"wp:attachment":[{"href":"https:\/\/redinamicamx.com\/es\/wp-json\/wp\/v2\/media?parent=417"}],"curies":[{"name":"wp","href":"https:\/\/api.w.org\/{rel}","templated":true}]}}